{"id":586,"date":"2025-10-20T10:03:29","date_gmt":"2025-10-20T08:03:29","guid":{"rendered":"https:\/\/electricsindustrialsbanyoles.com\/quienes-somos\/"},"modified":"2026-01-30T13:50:38","modified_gmt":"2026-01-30T12:50:38","slug":"quienes-somos","status":"publish","type":"page","link":"https:\/\/electricsindustrialsbanyoles.com\/es\/quienes-somos\/","title":{"rendered":"Qui\u00e9nes somos"},"content":{"rendered":"\t\t<div data-elementor-type=\"wp-page\" data-elementor-id=\"586\" class=\"elementor elementor-586 elementor-232\" data-elementor-post-type=\"page\">\n\t\t\t\t\t\t<section class=\"elementor-section elementor-top-section elementor-element elementor-element-468bf626 elementor-section-boxed elementor-section-height-default elementor-section-height-default\" data-id=\"468bf626\" data-element_type=\"section\">\n\t\t\t\t\t\t<div class=\"elementor-container elementor-column-gap-default\">\n\t\t\t\t\t<div class=\"elementor-column elementor-col-50 elementor-top-column elementor-element elementor-element-1bc2c63 animated-slow elementor-invisible\" data-id=\"1bc2c63\" data-element_type=\"column\" data-settings=\"{&quot;animation&quot;:&quot;fadeInLeft&quot;}\">\n\t\t\t<div class=\"elementor-widget-wrap elementor-element-populated\">\n\t\t\t\t\t\t<div class=\"elementor-element elementor-element-61a36ce9 elementor-widget elementor-widget-heading\" data-id=\"61a36ce9\" data-element_type=\"widget\" data-widget_type=\"heading.default\">\n\t\t\t\t\t<h5 class=\"elementor-heading-title elementor-size-default\">Sobre nosotros<\/h5>\t\t\t\t<\/div>\n\t\t\t\t<div class=\"elementor-element elementor-element-31daba1b elementor-widget elementor-widget-heading\" data-id=\"31daba1b\" data-element_type=\"widget\" data-widget_type=\"heading.default\">\n\t\t\t\t\t<h2 class=\"elementor-heading-title elementor-size-default\">Tu empresa de el\u00e9ctricos en Banyoles<\/h2>\t\t\t\t<\/div>\n\t\t\t\t<div class=\"elementor-element elementor-element-2ad74f40 elementor-widget elementor-widget-text-editor\" data-id=\"2ad74f40\" data-element_type=\"widget\" data-widget_type=\"text-editor.default\">\n\t\t\t\t\t\t\t\t\t<p>El\u00e8ctrics Industrials Banyoles, SL es una empresa especializada en instalaciones el\u00e9ctricas y montajes industriales, con presencia tanto a nivel nacional como internacional.<\/p><p>Ambos fundadores cuentan con una trayectoria consolidada en el mantenimiento industrial y la instalaci\u00f3n de maquinaria, aportando una experiencia conjunta de m\u00e1s de dos d\u00e9cadas.<\/p><p>Nuestro compromiso es ofrecer un trato directo y personalizado, adapt\u00e1ndonos a cada proyecto con proximidad, rigor y ganas de realizar el trabajo bien hecho. Nos mueve la voluntad de crecer y evolucionar junto a nuestros clientes.<\/p>\t\t\t\t\t\t\t\t<\/div>\n\t\t\t\t<section class=\"elementor-section elementor-inner-section elementor-element elementor-element-79e787f elementor-section-boxed elementor-section-height-default elementor-section-height-default\" data-id=\"79e787f\" data-element_type=\"section\">\n\t\t\t\t\t\t<div class=\"elementor-container elementor-column-gap-default\">\n\t\t\t\t\t<div class=\"elementor-column elementor-col-50 elementor-inner-column elementor-element elementor-element-7774089d\" data-id=\"7774089d\" data-element_type=\"column\">\n\t\t\t<div class=\"elementor-widget-wrap elementor-element-populated\">\n\t\t\t\t\t\t<div class=\"elementor-element elementor-element-6b3636d elementor-widget elementor-widget-icon-box\" data-id=\"6b3636d\" data-element_type=\"widget\" data-widget_type=\"icon-box.default\">\n\t\t\t\t\t\t\t<div class=\"elementor-icon-box-wrapper\">\n\n\t\t\t\n\t\t\t\t\t\t<div class=\"elementor-icon-box-content\">\n\n\t\t\t\t\t\t\t\t\t<h5 class=\"elementor-icon-box-title\">\n\t\t\t\t\t\t<span  >\n\t\t\t\t\t\t\tProfesionalidad\t\t\t\t\t\t<\/span>\n\t\t\t\t\t<\/h5>\n\t\t\t\t\n\t\t\t\t\t\t\t\t\t<p class=\"elementor-icon-box-description\">\n\t\t\t\t\t\tCada proyecto es una oportunidad para demostrar rigor, calidad y responsabilidad.\t\t\t\t\t<\/p>\n\t\t\t\t\n\t\t\t<\/div>\n\t\t\t\n\t\t<\/div>\n\t\t\t\t\t\t<\/div>\n\t\t\t\t\t<\/div>\n\t\t<\/div>\n\t\t\t\t<div class=\"elementor-column elementor-col-50 elementor-inner-column elementor-element elementor-element-67526b02\" data-id=\"67526b02\" data-element_type=\"column\">\n\t\t\t<div class=\"elementor-widget-wrap elementor-element-populated\">\n\t\t\t\t\t\t<div class=\"elementor-element elementor-element-4d3f2bf6 elementor-widget elementor-widget-icon-box\" data-id=\"4d3f2bf6\" data-element_type=\"widget\" data-widget_type=\"icon-box.default\">\n\t\t\t\t\t\t\t<div class=\"elementor-icon-box-wrapper\">\n\n\t\t\t\n\t\t\t\t\t\t<div class=\"elementor-icon-box-content\">\n\n\t\t\t\t\t\t\t\t\t<h5 class=\"elementor-icon-box-title\">\n\t\t\t\t\t\t<span  >\n\t\t\t\t\t\t\tCompromiso\t\t\t\t\t\t<\/span>\n\t\t\t\t\t<\/h5>\n\t\t\t\t\n\t\t\t\t\t\t\t\t\t<p class=\"elementor-icon-box-description\">\n\t\t\t\t\t\tNos implicamos de principio a fin, con transparencia y dedicaci\u00f3n.\t\t\t\t\t<\/p>\n\t\t\t\t\n\t\t\t<\/div>\n\t\t\t\n\t\t<\/div>\n\t\t\t\t\t\t<\/div>\n\t\t\t\t\t<\/div>\n\t\t<\/div>\n\t\t\t\t\t<\/div>\n\t\t<\/section>\n\t\t\t\t<div class=\"elementor-element elementor-element-730901f0 elementor-widget elementor-widget-spacer\" data-id=\"730901f0\" data-element_type=\"widget\" data-widget_type=\"spacer.default\">\n\t\t\t\t\t\t\t<div class=\"elementor-spacer\">\n\t\t\t<div class=\"elementor-spacer-inner\"><\/div>\n\t\t<\/div>\n\t\t\t\t\t\t<\/div>\n\t\t\t\t\t<\/div>\n\t\t<\/div>\n\t\t\t\t<div class=\"elementor-column elementor-col-50 elementor-top-column elementor-element elementor-element-22d45ccb\" data-id=\"22d45ccb\" data-element_type=\"column\">\n\t\t\t<div class=\"elementor-widget-wrap elementor-element-populated\">\n\t\t\t\t\t\t<div class=\"elementor-element elementor-element-7169ca35 animated-slow elementor-invisible elementor-widget elementor-widget-image\" data-id=\"7169ca35\" data-element_type=\"widget\" data-settings=\"{&quot;_animation&quot;:&quot;fadeInUp&quot;}\" data-widget_type=\"image.default\">\n\t\t\t\t\t\t\t\t\t\t\t\t\t\t\t<img fetchpriority=\"high\" decoding=\"async\" width=\"1536\" height=\"2048\" src=\"https:\/\/electricsindustrialsbanyoles.com\/wp-content\/uploads\/2025\/10\/ceo_electrics-1.webp\" class=\"attachment-full size-full wp-image-445\" alt=\"\" srcset=\"https:\/\/electricsindustrialsbanyoles.com\/wp-content\/uploads\/2025\/10\/ceo_electrics-1.webp 1536w, https:\/\/electricsindustrialsbanyoles.com\/wp-content\/uploads\/2025\/10\/ceo_electrics-1-225x300.webp 225w, https:\/\/electricsindustrialsbanyoles.com\/wp-content\/uploads\/2025\/10\/ceo_electrics-1-768x1024.webp 768w, https:\/\/electricsindustrialsbanyoles.com\/wp-content\/uploads\/2025\/10\/ceo_electrics-1-1152x1536.webp 1152w\" sizes=\"(max-width: 1536px) 100vw, 1536px\" \/>\t\t\t\t\t\t\t\t\t\t\t\t\t\t\t<\/div>\n\t\t\t\t\t<\/div>\n\t\t<\/div>\n\t\t\t\t\t<\/div>\n\t\t<\/section>\n\t\t\t\t<section class=\"elementor-section elementor-top-section elementor-element elementor-element-1f9824a elementor-section-boxed elementor-section-height-default elementor-section-height-default\" data-id=\"1f9824a\" data-element_type=\"section\" data-settings=\"{&quot;background_background&quot;:&quot;classic&quot;}\">\n\t\t\t\t\t\t\t<div class=\"elementor-background-overlay\"><\/div>\n\t\t\t\t\t\t\t<div class=\"elementor-container elementor-column-gap-default\">\n\t\t\t\t\t<div class=\"elementor-column elementor-col-100 elementor-top-column elementor-element elementor-element-d30e6cd animated-slow elementor-invisible\" data-id=\"d30e6cd\" data-element_type=\"column\" data-settings=\"{&quot;animation&quot;:&quot;fadeIn&quot;}\">\n\t\t\t<div class=\"elementor-widget-wrap elementor-element-populated\">\n\t\t\t\t\t\t<div class=\"elementor-element elementor-element-308a61f elementor-widget elementor-widget-heading\" data-id=\"308a61f\" data-element_type=\"widget\" data-widget_type=\"heading.default\">\n\t\t\t\t\t<h2 class=\"elementor-heading-title elementor-size-default\">\u00bfEst\u00e1s pensando en comenzar un proyecto y necesitas ayuda? <\/h2>\t\t\t\t<\/div>\n\t\t\t\t<div class=\"elementor-element elementor-element-d9ae2c7 elementor-widget__width-initial elementor-widget elementor-widget-heading\" data-id=\"d9ae2c7\" data-element_type=\"widget\" data-widget_type=\"heading.default\">\n\t\t\t\t\t<h3 class=\"elementor-heading-title elementor-size-default\">El\u00e8ctrics Industrials Banyoles seremos tus compa\u00f1eros de trabajo. Conf\u00eda en nosotros y haz realidad tu idea <\/h3>\t\t\t\t<\/div>\n\t\t\t\t<div class=\"elementor-element elementor-element-0970a9c elementor-align-center elementor-widget elementor-widget-button\" data-id=\"0970a9c\" data-element_type=\"widget\" data-widget_type=\"button.default\">\n\t\t\t\t\t\t\t\t\t\t<a class=\"elementor-button elementor-button-link elementor-size-sm elementor-animation-shrink\" href=\"https:\/\/electricsindustrialsbanyoles.com\/es\/contacto\/\">\n\t\t\t\t\t\t<span class=\"elementor-button-content-wrapper\">\n\t\t\t\t\t\t\t\t\t<span class=\"elementor-button-text\">Cont\u00e1ctanos<\/span>\n\t\t\t\t\t<\/span>\n\t\t\t\t\t<\/a>\n\t\t\t\t\t\t\t\t<\/div>\n\t\t\t\t\t<\/div>\n\t\t<\/div>\n\t\t\t\t\t<\/div>\n\t\t<\/section>\n\t\t\t\t<\/div>\n\t\t","protected":false},"excerpt":{"rendered":"<p>Sobre nosotros Tu empresa de el\u00e9ctricos en Banyoles El\u00e8ctrics Industrials Banyoles, SL es una empresa especializada en instalaciones el\u00e9ctricas y montajes industriales, con presencia tanto a nivel nacional como internacional. Ambos fundadores cuentan con una trayectoria consolidada en el mantenimiento industrial y la instalaci\u00f3n de maquinaria, aportando una experiencia conjunta de m\u00e1s de dos d\u00e9cadas. [&hellip;]<\/p>\n","protected":false},"author":2,"featured_media":0,"parent":0,"menu_order":0,"comment_status":"closed","ping_status":"closed","template":"elementor_header_footer","meta":{"footnotes":""},"class_list":["post-586","page","type-page","status-publish","hentry"],"yoast_head":"<!-- This site is optimized with the Yoast SEO plugin v26.8 - https:\/\/yoast.com\/product\/yoast-seo-wordpress\/ -->\n<title>Qui\u00e9nes somos - Electrics Industrials Banyoles<\/title>\n<meta name=\"robots\" content=\"index, follow, max-snippet:-1, max-image-preview:large, max-video-preview:-1\" \/>\n<link rel=\"canonical\" href=\"https:\/\/electricsindustrialsbanyoles.com\/es\/quienes-somos\/\" \/>\n<meta property=\"og:locale\" content=\"es_ES\" \/>\n<meta property=\"og:type\" content=\"article\" \/>\n<meta property=\"og:title\" content=\"Qui\u00e9nes somos - Electrics Industrials Banyoles\" \/>\n<meta property=\"og:description\" content=\"Sobre nosotros Tu empresa de el\u00e9ctricos en Banyoles El\u00e8ctrics Industrials Banyoles, SL es una empresa especializada en instalaciones el\u00e9ctricas y montajes industriales, con presencia tanto a nivel nacional como internacional. Ambos fundadores cuentan con una trayectoria consolidada en el mantenimiento industrial y la instalaci\u00f3n de maquinaria, aportando una experiencia conjunta de m\u00e1s de dos d\u00e9cadas. [&hellip;]\" \/>\n<meta property=\"og:url\" content=\"https:\/\/electricsindustrialsbanyoles.com\/es\/quienes-somos\/\" \/>\n<meta property=\"og:site_name\" content=\"Electrics Industrials Banyoles\" \/>\n<meta property=\"article:modified_time\" content=\"2026-01-30T12:50:38+00:00\" \/>\n<meta property=\"og:image\" content=\"https:\/\/electricsindustrialsbanyoles.com\/wp-content\/uploads\/2025\/10\/ceo_electrics-1.webp\" \/>\n\t<meta property=\"og:image:width\" content=\"1536\" \/>\n\t<meta property=\"og:image:height\" content=\"2048\" \/>\n\t<meta property=\"og:image:type\" content=\"image\/webp\" \/>\n<meta name=\"twitter:card\" content=\"summary_large_image\" \/>\n<meta name=\"twitter:label1\" content=\"Tiempo de lectura\" \/>\n\t<meta name=\"twitter:data1\" content=\"1 minuto\" \/>\n<script type=\"application\/ld+json\" class=\"yoast-schema-graph\">{\"@context\":\"https:\/\/schema.org\",\"@graph\":[{\"@type\":\"WebPage\",\"@id\":\"https:\/\/electricsindustrialsbanyoles.com\/es\/quienes-somos\/\",\"url\":\"https:\/\/electricsindustrialsbanyoles.com\/es\/quienes-somos\/\",\"name\":\"Qui\u00e9nes somos - Electrics Industrials Banyoles\",\"isPartOf\":{\"@id\":\"https:\/\/electricsindustrialsbanyoles.com\/es\/#website\"},\"primaryImageOfPage\":{\"@id\":\"https:\/\/electricsindustrialsbanyoles.com\/es\/quienes-somos\/#primaryimage\"},\"image\":{\"@id\":\"https:\/\/electricsindustrialsbanyoles.com\/es\/quienes-somos\/#primaryimage\"},\"thumbnailUrl\":\"https:\/\/electricsindustrialsbanyoles.com\/wp-content\/uploads\/2025\/10\/ceo_electrics-1.webp\",\"datePublished\":\"2025-10-20T08:03:29+00:00\",\"dateModified\":\"2026-01-30T12:50:38+00:00\",\"breadcrumb\":{\"@id\":\"https:\/\/electricsindustrialsbanyoles.com\/es\/quienes-somos\/#breadcrumb\"},\"inLanguage\":\"es\",\"potentialAction\":[{\"@type\":\"ReadAction\",\"target\":[\"https:\/\/electricsindustrialsbanyoles.com\/es\/quienes-somos\/\"]}]},{\"@type\":\"ImageObject\",\"inLanguage\":\"es\",\"@id\":\"https:\/\/electricsindustrialsbanyoles.com\/es\/quienes-somos\/#primaryimage\",\"url\":\"https:\/\/electricsindustrialsbanyoles.com\/wp-content\/uploads\/2025\/10\/ceo_electrics-1.webp\",\"contentUrl\":\"https:\/\/electricsindustrialsbanyoles.com\/wp-content\/uploads\/2025\/10\/ceo_electrics-1.webp\"},{\"@type\":\"BreadcrumbList\",\"@id\":\"https:\/\/electricsindustrialsbanyoles.com\/es\/quienes-somos\/#breadcrumb\",\"itemListElement\":[{\"@type\":\"ListItem\",\"position\":1,\"name\":\"Portada\",\"item\":\"https:\/\/electricsindustrialsbanyoles.com\/es\/inicio\/\"},{\"@type\":\"ListItem\",\"position\":2,\"name\":\"Qui\u00e9nes somos\"}]},{\"@type\":\"WebSite\",\"@id\":\"https:\/\/electricsindustrialsbanyoles.com\/es\/#website\",\"url\":\"https:\/\/electricsindustrialsbanyoles.com\/es\/\",\"name\":\"Electrics Industrials Banyoles\",\"description\":\"\",\"publisher\":{\"@id\":\"https:\/\/electricsindustrialsbanyoles.com\/es\/#organization\"},\"potentialAction\":[{\"@type\":\"SearchAction\",\"target\":{\"@type\":\"EntryPoint\",\"urlTemplate\":\"https:\/\/electricsindustrialsbanyoles.com\/es\/?s={search_term_string}\"},\"query-input\":{\"@type\":\"PropertyValueSpecification\",\"valueRequired\":true,\"valueName\":\"search_term_string\"}}],\"inLanguage\":\"es\"},{\"@type\":\"Organization\",\"@id\":\"https:\/\/electricsindustrialsbanyoles.com\/es\/#organization\",\"name\":\"Electrics Industrials Banyoles\",\"url\":\"https:\/\/electricsindustrialsbanyoles.com\/es\/\",\"logo\":{\"@type\":\"ImageObject\",\"inLanguage\":\"es\",\"@id\":\"https:\/\/electricsindustrialsbanyoles.com\/es\/#\/schema\/logo\/image\/\",\"url\":\"https:\/\/electricsindustrialsbanyoles.com\/wp-content\/uploads\/2025\/10\/LOGO-EIB.png\",\"contentUrl\":\"https:\/\/electricsindustrialsbanyoles.com\/wp-content\/uploads\/2025\/10\/LOGO-EIB.png\",\"width\":827,\"height\":231,\"caption\":\"Electrics Industrials Banyoles\"},\"image\":{\"@id\":\"https:\/\/electricsindustrialsbanyoles.com\/es\/#\/schema\/logo\/image\/\"}}]}<\/script>\n<!-- \/ Yoast SEO plugin. -->","yoast_head_json":{"title":"Qui\u00e9nes somos - Electrics Industrials Banyoles","robots":{"index":"index","follow":"follow","max-snippet":"max-snippet:-1","max-image-preview":"max-image-preview:large","max-video-preview":"max-video-preview:-1"},"canonical":"https:\/\/electricsindustrialsbanyoles.com\/es\/quienes-somos\/","og_locale":"es_ES","og_type":"article","og_title":"Qui\u00e9nes somos - Electrics Industrials Banyoles","og_description":"Sobre nosotros Tu empresa de el\u00e9ctricos en Banyoles El\u00e8ctrics Industrials Banyoles, SL es una empresa especializada en instalaciones el\u00e9ctricas y montajes industriales, con presencia tanto a nivel nacional como internacional. Ambos fundadores cuentan con una trayectoria consolidada en el mantenimiento industrial y la instalaci\u00f3n de maquinaria, aportando una experiencia conjunta de m\u00e1s de dos d\u00e9cadas. [&hellip;]","og_url":"https:\/\/electricsindustrialsbanyoles.com\/es\/quienes-somos\/","og_site_name":"Electrics Industrials Banyoles","article_modified_time":"2026-01-30T12:50:38+00:00","og_image":[{"width":1536,"height":2048,"url":"https:\/\/electricsindustrialsbanyoles.com\/wp-content\/uploads\/2025\/10\/ceo_electrics-1.webp","type":"image\/webp"}],"twitter_card":"summary_large_image","twitter_misc":{"Tiempo de lectura":"1 minuto"},"schema":{"@context":"https:\/\/schema.org","@graph":[{"@type":"WebPage","@id":"https:\/\/electricsindustrialsbanyoles.com\/es\/quienes-somos\/","url":"https:\/\/electricsindustrialsbanyoles.com\/es\/quienes-somos\/","name":"Qui\u00e9nes somos - Electrics Industrials Banyoles","isPartOf":{"@id":"https:\/\/electricsindustrialsbanyoles.com\/es\/#website"},"primaryImageOfPage":{"@id":"https:\/\/electricsindustrialsbanyoles.com\/es\/quienes-somos\/#primaryimage"},"image":{"@id":"https:\/\/electricsindustrialsbanyoles.com\/es\/quienes-somos\/#primaryimage"},"thumbnailUrl":"https:\/\/electricsindustrialsbanyoles.com\/wp-content\/uploads\/2025\/10\/ceo_electrics-1.webp","datePublished":"2025-10-20T08:03:29+00:00","dateModified":"2026-01-30T12:50:38+00:00","breadcrumb":{"@id":"https:\/\/electricsindustrialsbanyoles.com\/es\/quienes-somos\/#breadcrumb"},"inLanguage":"es","potentialAction":[{"@type":"ReadAction","target":["https:\/\/electricsindustrialsbanyoles.com\/es\/quienes-somos\/"]}]},{"@type":"ImageObject","inLanguage":"es","@id":"https:\/\/electricsindustrialsbanyoles.com\/es\/quienes-somos\/#primaryimage","url":"https:\/\/electricsindustrialsbanyoles.com\/wp-content\/uploads\/2025\/10\/ceo_electrics-1.webp","contentUrl":"https:\/\/electricsindustrialsbanyoles.com\/wp-content\/uploads\/2025\/10\/ceo_electrics-1.webp"},{"@type":"BreadcrumbList","@id":"https:\/\/electricsindustrialsbanyoles.com\/es\/quienes-somos\/#breadcrumb","itemListElement":[{"@type":"ListItem","position":1,"name":"Portada","item":"https:\/\/electricsindustrialsbanyoles.com\/es\/inicio\/"},{"@type":"ListItem","position":2,"name":"Qui\u00e9nes somos"}]},{"@type":"WebSite","@id":"https:\/\/electricsindustrialsbanyoles.com\/es\/#website","url":"https:\/\/electricsindustrialsbanyoles.com\/es\/","name":"Electrics Industrials Banyoles","description":"","publisher":{"@id":"https:\/\/electricsindustrialsbanyoles.com\/es\/#organization"},"potentialAction":[{"@type":"SearchAction","target":{"@type":"EntryPoint","urlTemplate":"https:\/\/electricsindustrialsbanyoles.com\/es\/?s={search_term_string}"},"query-input":{"@type":"PropertyValueSpecification","valueRequired":true,"valueName":"search_term_string"}}],"inLanguage":"es"},{"@type":"Organization","@id":"https:\/\/electricsindustrialsbanyoles.com\/es\/#organization","name":"Electrics Industrials Banyoles","url":"https:\/\/electricsindustrialsbanyoles.com\/es\/","logo":{"@type":"ImageObject","inLanguage":"es","@id":"https:\/\/electricsindustrialsbanyoles.com\/es\/#\/schema\/logo\/image\/","url":"https:\/\/electricsindustrialsbanyoles.com\/wp-content\/uploads\/2025\/10\/LOGO-EIB.png","contentUrl":"https:\/\/electricsindustrialsbanyoles.com\/wp-content\/uploads\/2025\/10\/LOGO-EIB.png","width":827,"height":231,"caption":"Electrics Industrials Banyoles"},"image":{"@id":"https:\/\/electricsindustrialsbanyoles.com\/es\/#\/schema\/logo\/image\/"}}]}},"_links":{"self":[{"href":"https:\/\/electricsindustrialsbanyoles.com\/es\/wp-json\/wp\/v2\/pages\/586","targetHints":{"allow":["GET"]}}],"collection":[{"href":"https:\/\/electricsindustrialsbanyoles.com\/es\/wp-json\/wp\/v2\/pages"}],"about":[{"href":"https:\/\/electricsindustrialsbanyoles.com\/es\/wp-json\/wp\/v2\/types\/page"}],"author":[{"embeddable":true,"href":"https:\/\/electricsindustrialsbanyoles.com\/es\/wp-json\/wp\/v2\/users\/2"}],"replies":[{"embeddable":true,"href":"https:\/\/electricsindustrialsbanyoles.com\/es\/wp-json\/wp\/v2\/comments?post=586"}],"version-history":[{"count":6,"href":"https:\/\/electricsindustrialsbanyoles.com\/es\/wp-json\/wp\/v2\/pages\/586\/revisions"}],"predecessor-version":[{"id":639,"href":"https:\/\/electricsindustrialsbanyoles.com\/es\/wp-json\/wp\/v2\/pages\/586\/revisions\/639"}],"wp:attachment":[{"href":"https:\/\/electricsindustrialsbanyoles.com\/es\/wp-json\/wp\/v2\/media?parent=586"}],"curies":[{"name":"wp","href":"https:\/\/api.w.org\/{rel}","templated":true}]}}