{"id":591,"date":"2025-10-17T14:43:02","date_gmt":"2025-10-17T12:43:02","guid":{"rendered":"https:\/\/electricsindustrialsbanyoles.com\/servicios\/"},"modified":"2026-01-30T13:54:24","modified_gmt":"2026-01-30T12:54:24","slug":"servicios","status":"publish","type":"page","link":"https:\/\/electricsindustrialsbanyoles.com\/es\/servicios\/","title":{"rendered":"Servicios"},"content":{"rendered":"\t\t<div data-elementor-type=\"wp-page\" data-elementor-id=\"591\" class=\"elementor elementor-591 elementor-177\" data-elementor-post-type=\"page\">\n\t\t\t\t<div class=\"elementor-element elementor-element-26f1b8f e-con-full e-flex e-con e-parent\" data-id=\"26f1b8f\" data-element_type=\"container\" data-settings=\"{&quot;background_background&quot;:&quot;classic&quot;}\">\n\t\t<div class=\"elementor-element elementor-element-058a03e e-flex e-con-boxed e-con e-child\" data-id=\"058a03e\" data-element_type=\"container\">\n\t\t\t\t\t<div class=\"e-con-inner\">\n\t\t\t\t<div class=\"elementor-element elementor-element-7156847 elementor-widget elementor-widget-heading\" data-id=\"7156847\" data-element_type=\"widget\" data-widget_type=\"heading.default\">\n\t\t\t\t\t<h3 class=\"elementor-heading-title elementor-size-default\">Servicios<\/h3>\t\t\t\t<\/div>\n\t\t\t\t<div class=\"elementor-element elementor-element-4de19c6 elementor-widget elementor-widget-heading\" data-id=\"4de19c6\" data-element_type=\"widget\" data-widget_type=\"heading.default\">\n\t\t\t\t\t<h2 class=\"elementor-heading-title elementor-size-default\">\u00bfQu\u00e9 hacemos?<\/h2>\t\t\t\t<\/div>\n\t\t\t\t<div class=\"elementor-element elementor-element-194cb24 elementor-widget elementor-widget-text-editor\" data-id=\"194cb24\" data-element_type=\"widget\" data-widget_type=\"text-editor.default\">\n\t\t\t\t\t\t\t\t\t<p>Trabajamos frecuentemente en colaboraci\u00f3n con ingenier\u00edas y fabricantes, aportando nuestra experiencia t\u00e9cnica y ejecutando cada proyecto con profesionalidad y compromiso.<\/p>\t\t\t\t\t\t\t\t<\/div>\n\t\t<div class=\"elementor-element elementor-element-0330cca e-flex e-con-boxed e-con e-child\" data-id=\"0330cca\" data-element_type=\"container\">\n\t\t\t\t\t<div class=\"e-con-inner\">\n\t\t<div class=\"elementor-element elementor-element-1bdf200 animated-slow e-con-full e-flex elementor-invisible e-con e-child\" data-id=\"1bdf200\" data-element_type=\"container\" data-settings=\"{&quot;animation&quot;:&quot;fadeInLeft&quot;}\">\n\t\t\t\t<div class=\"elementor-element elementor-element-5e1aa88 elementor-hidden-tablet elementor-hidden-mobile elementor-widget elementor-widget-spacer\" data-id=\"5e1aa88\" data-element_type=\"widget\" data-widget_type=\"spacer.default\">\n\t\t\t\t\t\t\t<div class=\"elementor-spacer\">\n\t\t\t<div class=\"elementor-spacer-inner\"><\/div>\n\t\t<\/div>\n\t\t\t\t\t\t<\/div>\n\t\t\t\t<div class=\"elementor-element elementor-element-4be73a1 elementor-widget__width-inherit animated-slow elementor-invisible elementor-widget elementor-widget-html\" data-id=\"4be73a1\" data-element_type=\"widget\" data-settings=\"{&quot;_animation&quot;:&quot;slideInDown&quot;}\" data-widget_type=\"html.default\">\n\t\t\t\t\t<div class=\"card-container\">\r\n    <div class=\"card-trigger\">\r\n        <div class=\"flip-card\">\r\n            <div class=\"flip-card-inner\">\r\n                <!-- Parte Frontal -->\r\n                <div class=\"flip-card-front\">\r\n                    <img decoding=\"async\" src=\"\/wp-content\/uploads\/2025\/11\/icono-retrofitings.png\" class=\"icon-card\" alt=\"Icono adaptabilidad azul\">\r\n                    <h3 class=\"card-heading\">RETROFITTING<\/h3>\r\n                <\/div>\r\n                <!-- Parte Posterior -->\r\n                <div class=\"flip-card-back\">\r\n                    <p>Actualizaci\u00f3n de maquinaria.<\/p>\r\n                    <a href=\"https:\/\/electricsindustrialsbanyoles.com\/es\/contacto\/\" style=\"color:white;\"><button class=\"btn-card\">Saber m\u00e1s<\/button><\/a>\r\n                <\/div>\r\n            <\/div>\r\n        <\/div>\r\n    <\/div>\r\n<\/div>\t\t\t\t<\/div>\n\t\t\t\t<div class=\"elementor-element elementor-element-2229b86 elementor-widget__width-inherit animated-slow elementor-invisible elementor-widget elementor-widget-html\" data-id=\"2229b86\" data-element_type=\"widget\" data-settings=\"{&quot;_animation&quot;:&quot;slideInUp&quot;}\" data-widget_type=\"html.default\">\n\t\t\t\t\t<div class=\"card-container\">\r\n    <div class=\"card-trigger\">\r\n        <div class=\"flip-card\">\r\n            <div class=\"flip-card-inner\">\r\n                <!-- Parte Frontal -->\r\n                <div class=\"flip-card-front\">\r\n                    <img decoding=\"async\" src=\"\/wp-content\/uploads\/2025\/11\/icono-noves-instalacions.png\" class=\"icon-card\" alt=\"Icono adaptabilidad azul\">\r\n                    <h3 class=\"card-heading\">NUEVAS INSTALACIONES<\/h3>\r\n                <\/div>\r\n                <!-- Parte Posterior -->\r\n                <div class=\"flip-card-back\">\r\n                    <p>Cableamos nuevas instalaciones el\u00e9ctricas.<\/p>\r\n                    <a href=\"https:\/\/electricsindustrialsbanyoles.com\/es\/contacto\/\" style=\"color:white;\"><button class=\"btn-card\">Saber m\u00e1s<\/button><\/a>\r\n                <\/div>\r\n            <\/div>\r\n        <\/div>\r\n    <\/div>\r\n<\/div>\t\t\t\t<\/div>\n\t\t\t\t<\/div>\n\t\t<div class=\"elementor-element elementor-element-1c6656e animated-slow e-con-full e-flex elementor-invisible e-con e-child\" data-id=\"1c6656e\" data-element_type=\"container\" data-settings=\"{&quot;animation&quot;:&quot;fadeInUp&quot;}\">\n\t\t\t\t<div class=\"elementor-element elementor-element-3341921 elementor-widget__width-inherit elementor-widget elementor-widget-html\" data-id=\"3341921\" data-element_type=\"widget\" data-widget_type=\"html.default\">\n\t\t\t\t\t<div class=\"card-container\">\r\n    <div class=\"card-trigger\">\r\n        <div class=\"flip-card\">\r\n            <div class=\"flip-card-inner\">\r\n                <!-- Parte Frontal -->\r\n                <div class=\"flip-card-front\">\r\n                    <img decoding=\"async\" src=\"\/wp-content\/uploads\/2025\/11\/icono-quadre-blue.png\" class=\"icon-card\" alt=\"Icono adaptabilidad azul\">\r\n                    <h3 class=\"card-heading\">CUADRISTAS<\/h3>\r\n                <\/div>\r\n                <!-- Parte Posterior -->\r\n                <div class=\"flip-card-back\">\r\n                    <p>Fabricaci\u00f3n y montaje de cuadros el\u00e9ctricos industriales.<\/p>\r\n                    <a href=\"https:\/\/electricsindustrialsbanyoles.com\/es\/contacto\/\" style=\"color:white;\"><button class=\"btn-card\">Saber m\u00e1s<\/button><\/a>\r\n                <\/div>\r\n            <\/div>\r\n        <\/div>\r\n    <\/div>\r\n<\/div>\t\t\t\t<\/div>\n\t\t\t\t<div class=\"elementor-element elementor-element-9392397 elementor-widget__width-inherit elementor-widget elementor-widget-html\" data-id=\"9392397\" data-element_type=\"widget\" data-widget_type=\"html.default\">\n\t\t\t\t\t<div class=\"card-container\">\r\n    <div class=\"card-trigger\">\r\n        <div class=\"flip-card\">\r\n            <div class=\"flip-card-inner\">\r\n                <!-- Parte Frontal -->\r\n                <div class=\"flip-card-front\">\r\n                    <img decoding=\"async\" src=\"\/wp-content\/uploads\/2025\/10\/icono_adaptabilidad_blue.png\" class=\"icon-card\" alt=\"Icono adaptabilidad azul\">\r\n                    <h3 class=\"card-heading\">MANTENIMIENTO PREVENTIVO Y CORRECTIVO DE SISTEMAS EL\u00c9CTRICOS<\/h3>\r\n                <\/div>\r\n                <!-- Parte Posterior -->\r\n                <div class=\"flip-card-back\">\r\n                    <p>Revisi\u00f3n peri\u00f3dica de instalaciones para evitar aver\u00edas y paros de producci\u00f3n.<\/p>\r\n                    <a href=\"https:\/\/electricsindustrialsbanyoles.com\/es\/contacto\/\" style=\"color:white;\"><button class=\"btn-card\">Saber m\u00e1s<\/button><\/a>\r\n                <\/div>\r\n            <\/div>\r\n        <\/div>\r\n    <\/div>\r\n<\/div>\t\t\t\t<\/div>\n\t\t\t\t<\/div>\n\t\t<div class=\"elementor-element elementor-element-b93ebe3 animated-slow e-con-full e-flex elementor-invisible e-con e-child\" data-id=\"b93ebe3\" data-element_type=\"container\" data-settings=\"{&quot;animation&quot;:&quot;fadeInRight&quot;}\">\n\t\t\t\t<div class=\"elementor-element elementor-element-0362265 elementor-hidden-tablet elementor-hidden-mobile elementor-widget elementor-widget-spacer\" data-id=\"0362265\" data-element_type=\"widget\" data-widget_type=\"spacer.default\">\n\t\t\t\t\t\t\t<div class=\"elementor-spacer\">\n\t\t\t<div class=\"elementor-spacer-inner\"><\/div>\n\t\t<\/div>\n\t\t\t\t\t\t<\/div>\n\t\t\t\t<div class=\"elementor-element elementor-element-19ed634 elementor-widget__width-inherit animated-slow elementor-invisible elementor-widget elementor-widget-html\" data-id=\"19ed634\" data-element_type=\"widget\" data-settings=\"{&quot;_animation&quot;:&quot;slideInDown&quot;}\" data-widget_type=\"html.default\">\n\t\t\t\t\t<div class=\"card-container\">\r\n    <div class=\"card-trigger\">\r\n        <div class=\"flip-card\">\r\n            <div class=\"flip-card-inner\">\r\n                <!-- Parte Frontal -->\r\n                <div class=\"flip-card-front\">\r\n                    <img decoding=\"async\" src=\"\/wp-content\/uploads\/2025\/11\/icono-transport.png\" class=\"icon-card\" alt=\"Icono adaptabilidad azul\">\r\n                    <h3 class=\"card-heading\">TRASLADOS DE MAQUINARIA<\/h3>\r\n                <\/div>\r\n                <!-- Parte Posterior -->\r\n                <div class=\"flip-card-back\">\r\n                    <p>Desmontaje de maquinaria y montaje en otra ubicaci\u00f3n.<\/p>\r\n                    <a href=\"https:\/\/electricsindustrialsbanyoles.com\/es\/contacto\/\" style=\"color:white;\"><button class=\"btn-card\">Saber m\u00e1s<\/button><\/a>\r\n                <\/div>\r\n            <\/div>\r\n        <\/div>\r\n    <\/div>\r\n<\/div>\t\t\t\t<\/div>\n\t\t\t\t<div class=\"elementor-element elementor-element-9419231 elementor-widget__width-inherit animated-slow elementor-invisible elementor-widget elementor-widget-html\" data-id=\"9419231\" data-element_type=\"widget\" data-settings=\"{&quot;_animation&quot;:&quot;slideInUp&quot;}\" data-widget_type=\"html.default\">\n\t\t\t\t\t<div class=\"card-container\">\r\n    <div class=\"card-trigger\">\r\n        <div class=\"flip-card\">\r\n            <div class=\"flip-card-inner\">\r\n                <!-- Parte Frontal -->\r\n                <div class=\"flip-card-front\">\r\n                    <img decoding=\"async\" src=\"\/wp-content\/uploads\/2025\/11\/icono-nova-blue.png\" class=\"icon-card\" alt=\"Icono adaptabilidad azul\">\r\n                    <h3 class=\"card-heading\">NUEVA MAQUINARIA<\/h3>\r\n                <\/div>\r\n                <!-- Parte Posterior -->\r\n                <div class=\"flip-card-back\">\r\n                    <p>Instalaciones y cableado. Especializados en maquinaria de flexograf\u00eda y packaging. <\/p>\r\n                    <a href=\"https:\/\/electricsindustrialsbanyoles.com\/es\/contacto\/\" style=\"color:white;\"><button class=\"btn-card\">Saber m\u00e1s<\/button><\/a>\r\n                <\/div>\r\n            <\/div>\r\n        <\/div>\r\n    <\/div>\r\n<\/div>\t\t\t\t<\/div>\n\t\t\t\t<\/div>\n\t\t\t\t\t<\/div>\n\t\t\t\t<\/div>\n\t\t\t\t\t<\/div>\n\t\t\t\t<\/div>\n\t\t\t\t<\/div>\n\t\t\t\t<section class=\"elementor-section elementor-top-section elementor-element elementor-element-7c2eb76 elementor-section-boxed elementor-section-height-default elementor-section-height-default\" data-id=\"7c2eb76\" data-element_type=\"section\" data-settings=\"{&quot;background_background&quot;:&quot;classic&quot;}\">\n\t\t\t\t\t\t\t<div class=\"elementor-background-overlay\"><\/div>\n\t\t\t\t\t\t\t<div class=\"elementor-container elementor-column-gap-default\">\n\t\t\t\t\t<div class=\"elementor-column elementor-col-100 elementor-top-column elementor-element elementor-element-f474232 animated-slow elementor-invisible\" data-id=\"f474232\" data-element_type=\"column\" data-settings=\"{&quot;animation&quot;:&quot;fadeIn&quot;}\">\n\t\t\t<div class=\"elementor-widget-wrap elementor-element-populated\">\n\t\t\t\t\t\t<div class=\"elementor-element elementor-element-068e151 elementor-widget elementor-widget-heading\" data-id=\"068e151\" data-element_type=\"widget\" data-widget_type=\"heading.default\">\n\t\t\t\t\t<h2 class=\"elementor-heading-title elementor-size-default\">\u00bfEst\u00e1s pensando en comenzar un proyecto y necesitas ayuda? <\/h2>\t\t\t\t<\/div>\n\t\t\t\t<div class=\"elementor-element elementor-element-233eeda elementor-widget__width-initial elementor-widget elementor-widget-heading\" data-id=\"233eeda\" data-element_type=\"widget\" data-widget_type=\"heading.default\">\n\t\t\t\t\t<h3 class=\"elementor-heading-title elementor-size-default\">El\u00e8ctrics Industrials Banyoles seremos tus compa\u00f1eros de trabajo. Conf\u00eda en nosotros y trae tu idea a la realidad<\/h3>\t\t\t\t<\/div>\n\t\t\t\t<div class=\"elementor-element elementor-element-cd058bd elementor-align-center elementor-widget elementor-widget-button\" data-id=\"cd058bd\" data-element_type=\"widget\" data-widget_type=\"button.default\">\n\t\t\t\t\t\t\t\t\t\t<a class=\"elementor-button elementor-button-link elementor-size-sm elementor-animation-shrink\" href=\"https:\/\/electricsindustrialsbanyoles.com\/es\/contacto\/\">\n\t\t\t\t\t\t<span class=\"elementor-button-content-wrapper\">\n\t\t\t\t\t\t\t\t\t<span class=\"elementor-button-text\">Cont\u00e1ctanos<\/span>\n\t\t\t\t\t<\/span>\n\t\t\t\t\t<\/a>\n\t\t\t\t\t\t\t\t<\/div>\n\t\t\t\t\t<\/div>\n\t\t<\/div>\n\t\t\t\t\t<\/div>\n\t\t<\/section>\n\t\t\t\t<\/div>\n\t\t","protected":false},"excerpt":{"rendered":"<p>Servicios \u00bfQu\u00e9 hacemos? Trabajamos frecuentemente en colaboraci\u00f3n con ingenier\u00edas y fabricantes, aportando nuestra experiencia t\u00e9cnica y ejecutando cada proyecto con profesionalidad y compromiso. RETROFITTING Actualizaci\u00f3n de maquinaria. Saber m\u00e1s NUEVAS INSTALACIONES Cableamos nuevas instalaciones el\u00e9ctricas. Saber m\u00e1s CUADRISTAS Fabricaci\u00f3n y montaje de cuadros el\u00e9ctricos industriales. Saber m\u00e1s MANTENIMIENTO PREVENTIVO Y CORRECTIVO DE SISTEMAS EL\u00c9CTRICOS Revisi\u00f3n [&hellip;]<\/p>\n","protected":false},"author":2,"featured_media":0,"parent":0,"menu_order":0,"comment_status":"closed","ping_status":"closed","template":"elementor_header_footer","meta":{"footnotes":""},"class_list":["post-591","page","type-page","status-publish","hentry"],"yoast_head":"<!-- This site is optimized with the Yoast SEO plugin v26.8 - https:\/\/yoast.com\/product\/yoast-seo-wordpress\/ -->\n<title>Servicios - Electrics Industrials Banyoles<\/title>\n<meta name=\"robots\" content=\"index, follow, max-snippet:-1, max-image-preview:large, max-video-preview:-1\" \/>\n<link rel=\"canonical\" href=\"https:\/\/electricsindustrialsbanyoles.com\/es\/servicios\/\" \/>\n<meta property=\"og:locale\" content=\"es_ES\" \/>\n<meta property=\"og:type\" content=\"article\" \/>\n<meta property=\"og:title\" content=\"Servicios - Electrics Industrials Banyoles\" \/>\n<meta property=\"og:description\" content=\"Servicios \u00bfQu\u00e9 hacemos? Trabajamos frecuentemente en colaboraci\u00f3n con ingenier\u00edas y fabricantes, aportando nuestra experiencia t\u00e9cnica y ejecutando cada proyecto con profesionalidad y compromiso. RETROFITTING Actualizaci\u00f3n de maquinaria. Saber m\u00e1s NUEVAS INSTALACIONES Cableamos nuevas instalaciones el\u00e9ctricas. Saber m\u00e1s CUADRISTAS Fabricaci\u00f3n y montaje de cuadros el\u00e9ctricos industriales. Saber m\u00e1s MANTENIMIENTO PREVENTIVO Y CORRECTIVO DE SISTEMAS EL\u00c9CTRICOS Revisi\u00f3n [&hellip;]\" \/>\n<meta property=\"og:url\" content=\"https:\/\/electricsindustrialsbanyoles.com\/es\/servicios\/\" \/>\n<meta property=\"og:site_name\" content=\"Electrics Industrials Banyoles\" \/>\n<meta property=\"article:modified_time\" content=\"2026-01-30T12:54:24+00:00\" \/>\n<meta name=\"twitter:card\" content=\"summary_large_image\" \/>\n<meta name=\"twitter:label1\" content=\"Tiempo de lectura\" \/>\n\t<meta name=\"twitter:data1\" content=\"1 minuto\" \/>\n<script type=\"application\/ld+json\" class=\"yoast-schema-graph\">{\"@context\":\"https:\/\/schema.org\",\"@graph\":[{\"@type\":\"WebPage\",\"@id\":\"https:\/\/electricsindustrialsbanyoles.com\/es\/servicios\/\",\"url\":\"https:\/\/electricsindustrialsbanyoles.com\/es\/servicios\/\",\"name\":\"Servicios - Electrics Industrials Banyoles\",\"isPartOf\":{\"@id\":\"https:\/\/electricsindustrialsbanyoles.com\/es\/#website\"},\"datePublished\":\"2025-10-17T12:43:02+00:00\",\"dateModified\":\"2026-01-30T12:54:24+00:00\",\"breadcrumb\":{\"@id\":\"https:\/\/electricsindustrialsbanyoles.com\/es\/servicios\/#breadcrumb\"},\"inLanguage\":\"es\",\"potentialAction\":[{\"@type\":\"ReadAction\",\"target\":[\"https:\/\/electricsindustrialsbanyoles.com\/es\/servicios\/\"]}]},{\"@type\":\"BreadcrumbList\",\"@id\":\"https:\/\/electricsindustrialsbanyoles.com\/es\/servicios\/#breadcrumb\",\"itemListElement\":[{\"@type\":\"ListItem\",\"position\":1,\"name\":\"Portada\",\"item\":\"https:\/\/electricsindustrialsbanyoles.com\/es\/inicio\/\"},{\"@type\":\"ListItem\",\"position\":2,\"name\":\"Servicios\"}]},{\"@type\":\"WebSite\",\"@id\":\"https:\/\/electricsindustrialsbanyoles.com\/es\/#website\",\"url\":\"https:\/\/electricsindustrialsbanyoles.com\/es\/\",\"name\":\"Electrics Industrials Banyoles\",\"description\":\"\",\"publisher\":{\"@id\":\"https:\/\/electricsindustrialsbanyoles.com\/es\/#organization\"},\"potentialAction\":[{\"@type\":\"SearchAction\",\"target\":{\"@type\":\"EntryPoint\",\"urlTemplate\":\"https:\/\/electricsindustrialsbanyoles.com\/es\/?s={search_term_string}\"},\"query-input\":{\"@type\":\"PropertyValueSpecification\",\"valueRequired\":true,\"valueName\":\"search_term_string\"}}],\"inLanguage\":\"es\"},{\"@type\":\"Organization\",\"@id\":\"https:\/\/electricsindustrialsbanyoles.com\/es\/#organization\",\"name\":\"Electrics Industrials Banyoles\",\"url\":\"https:\/\/electricsindustrialsbanyoles.com\/es\/\",\"logo\":{\"@type\":\"ImageObject\",\"inLanguage\":\"es\",\"@id\":\"https:\/\/electricsindustrialsbanyoles.com\/es\/#\/schema\/logo\/image\/\",\"url\":\"https:\/\/electricsindustrialsbanyoles.com\/wp-content\/uploads\/2025\/10\/LOGO-EIB.png\",\"contentUrl\":\"https:\/\/electricsindustrialsbanyoles.com\/wp-content\/uploads\/2025\/10\/LOGO-EIB.png\",\"width\":827,\"height\":231,\"caption\":\"Electrics Industrials Banyoles\"},\"image\":{\"@id\":\"https:\/\/electricsindustrialsbanyoles.com\/es\/#\/schema\/logo\/image\/\"}}]}<\/script>\n<!-- \/ Yoast SEO plugin. -->","yoast_head_json":{"title":"Servicios - Electrics Industrials Banyoles","robots":{"index":"index","follow":"follow","max-snippet":"max-snippet:-1","max-image-preview":"max-image-preview:large","max-video-preview":"max-video-preview:-1"},"canonical":"https:\/\/electricsindustrialsbanyoles.com\/es\/servicios\/","og_locale":"es_ES","og_type":"article","og_title":"Servicios - Electrics Industrials Banyoles","og_description":"Servicios \u00bfQu\u00e9 hacemos? Trabajamos frecuentemente en colaboraci\u00f3n con ingenier\u00edas y fabricantes, aportando nuestra experiencia t\u00e9cnica y ejecutando cada proyecto con profesionalidad y compromiso. RETROFITTING Actualizaci\u00f3n de maquinaria. Saber m\u00e1s NUEVAS INSTALACIONES Cableamos nuevas instalaciones el\u00e9ctricas. Saber m\u00e1s CUADRISTAS Fabricaci\u00f3n y montaje de cuadros el\u00e9ctricos industriales. Saber m\u00e1s MANTENIMIENTO PREVENTIVO Y CORRECTIVO DE SISTEMAS EL\u00c9CTRICOS Revisi\u00f3n [&hellip;]","og_url":"https:\/\/electricsindustrialsbanyoles.com\/es\/servicios\/","og_site_name":"Electrics Industrials Banyoles","article_modified_time":"2026-01-30T12:54:24+00:00","twitter_card":"summary_large_image","twitter_misc":{"Tiempo de lectura":"1 minuto"},"schema":{"@context":"https:\/\/schema.org","@graph":[{"@type":"WebPage","@id":"https:\/\/electricsindustrialsbanyoles.com\/es\/servicios\/","url":"https:\/\/electricsindustrialsbanyoles.com\/es\/servicios\/","name":"Servicios - Electrics Industrials Banyoles","isPartOf":{"@id":"https:\/\/electricsindustrialsbanyoles.com\/es\/#website"},"datePublished":"2025-10-17T12:43:02+00:00","dateModified":"2026-01-30T12:54:24+00:00","breadcrumb":{"@id":"https:\/\/electricsindustrialsbanyoles.com\/es\/servicios\/#breadcrumb"},"inLanguage":"es","potentialAction":[{"@type":"ReadAction","target":["https:\/\/electricsindustrialsbanyoles.com\/es\/servicios\/"]}]},{"@type":"BreadcrumbList","@id":"https:\/\/electricsindustrialsbanyoles.com\/es\/servicios\/#breadcrumb","itemListElement":[{"@type":"ListItem","position":1,"name":"Portada","item":"https:\/\/electricsindustrialsbanyoles.com\/es\/inicio\/"},{"@type":"ListItem","position":2,"name":"Servicios"}]},{"@type":"WebSite","@id":"https:\/\/electricsindustrialsbanyoles.com\/es\/#website","url":"https:\/\/electricsindustrialsbanyoles.com\/es\/","name":"Electrics Industrials Banyoles","description":"","publisher":{"@id":"https:\/\/electricsindustrialsbanyoles.com\/es\/#organization"},"potentialAction":[{"@type":"SearchAction","target":{"@type":"EntryPoint","urlTemplate":"https:\/\/electricsindustrialsbanyoles.com\/es\/?s={search_term_string}"},"query-input":{"@type":"PropertyValueSpecification","valueRequired":true,"valueName":"search_term_string"}}],"inLanguage":"es"},{"@type":"Organization","@id":"https:\/\/electricsindustrialsbanyoles.com\/es\/#organization","name":"Electrics Industrials Banyoles","url":"https:\/\/electricsindustrialsbanyoles.com\/es\/","logo":{"@type":"ImageObject","inLanguage":"es","@id":"https:\/\/electricsindustrialsbanyoles.com\/es\/#\/schema\/logo\/image\/","url":"https:\/\/electricsindustrialsbanyoles.com\/wp-content\/uploads\/2025\/10\/LOGO-EIB.png","contentUrl":"https:\/\/electricsindustrialsbanyoles.com\/wp-content\/uploads\/2025\/10\/LOGO-EIB.png","width":827,"height":231,"caption":"Electrics Industrials Banyoles"},"image":{"@id":"https:\/\/electricsindustrialsbanyoles.com\/es\/#\/schema\/logo\/image\/"}}]}},"_links":{"self":[{"href":"https:\/\/electricsindustrialsbanyoles.com\/es\/wp-json\/wp\/v2\/pages\/591","targetHints":{"allow":["GET"]}}],"collection":[{"href":"https:\/\/electricsindustrialsbanyoles.com\/es\/wp-json\/wp\/v2\/pages"}],"about":[{"href":"https:\/\/electricsindustrialsbanyoles.com\/es\/wp-json\/wp\/v2\/types\/page"}],"author":[{"embeddable":true,"href":"https:\/\/electricsindustrialsbanyoles.com\/es\/wp-json\/wp\/v2\/users\/2"}],"replies":[{"embeddable":true,"href":"https:\/\/electricsindustrialsbanyoles.com\/es\/wp-json\/wp\/v2\/comments?post=591"}],"version-history":[{"count":6,"href":"https:\/\/electricsindustrialsbanyoles.com\/es\/wp-json\/wp\/v2\/pages\/591\/revisions"}],"predecessor-version":[{"id":642,"href":"https:\/\/electricsindustrialsbanyoles.com\/es\/wp-json\/wp\/v2\/pages\/591\/revisions\/642"}],"wp:attachment":[{"href":"https:\/\/electricsindustrialsbanyoles.com\/es\/wp-json\/wp\/v2\/media?parent=591"}],"curies":[{"name":"wp","href":"https:\/\/api.w.org\/{rel}","templated":true}]}}