{"id":596,"date":"2025-10-17T14:35:44","date_gmt":"2025-10-17T12:35:44","guid":{"rendered":"https:\/\/electricsindustrialsbanyoles.com\/proyectos\/"},"modified":"2026-01-30T13:50:22","modified_gmt":"2026-01-30T12:50:22","slug":"proyectos","status":"publish","type":"page","link":"https:\/\/electricsindustrialsbanyoles.com\/es\/proyectos\/","title":{"rendered":"Proyectos"},"content":{"rendered":"\t\t<div data-elementor-type=\"wp-page\" data-elementor-id=\"596\" class=\"elementor elementor-596 elementor-158\" data-elementor-post-type=\"page\">\n\t\t\t\t\t\t<section class=\"elementor-section elementor-top-section elementor-element elementor-element-2e4a3413 elementor-section-boxed elementor-section-height-default elementor-section-height-default\" data-id=\"2e4a3413\" data-element_type=\"section\">\n\t\t\t\t\t\t<div class=\"elementor-container elementor-column-gap-default\">\n\t\t\t\t\t<div class=\"elementor-column elementor-col-100 elementor-top-column elementor-element elementor-element-543b9858\" data-id=\"543b9858\" data-element_type=\"column\">\n\t\t\t<div class=\"elementor-widget-wrap elementor-element-populated\">\n\t\t\t\t\t\t<div class=\"elementor-element elementor-element-4e80a1d elementor-widget elementor-widget-heading\" data-id=\"4e80a1d\" data-element_type=\"widget\" data-widget_type=\"heading.default\">\n\t\t\t\t\t<h5 class=\"elementor-heading-title elementor-size-default\">Proyectos<\/h5>\t\t\t\t<\/div>\n\t\t\t\t<div class=\"elementor-element elementor-element-42965f64 elementor-widget elementor-widget-heading\" data-id=\"42965f64\" data-element_type=\"widget\" data-widget_type=\"heading.default\">\n\t\t\t\t\t<h2 class=\"elementor-heading-title elementor-size-default\">Proyectos a medida<\/h2>\t\t\t\t<\/div>\n\t\t\t\t<div class=\"elementor-element elementor-element-b7f4edf elementor-widget elementor-widget-text-editor\" data-id=\"b7f4edf\" data-element_type=\"widget\" data-widget_type=\"text-editor.default\">\n\t\t\t\t\t\t\t\t\t<p>En El\u00e8ctrics Industrials Banyoles nos especializamos en ofrecer soluciones personalizadas. Desde equipos hasta el dise\u00f1o y montaje de cuadros el\u00e9ctricos, pasando por el traslado de maquinaria y retrofitting, trabajamos de la mano con nuestros clientes para garantizar que cada proyecto cumpla con los m\u00e1s altos est\u00e1ndares de calidad y eficiencia. Adaptamos cada soluci\u00f3n a las necesidades espec\u00edficas de cada sector, asegurando una transici\u00f3n fluida y mejorando la productividad de los procesos.<\/p>\t\t\t\t\t\t\t\t<\/div>\n\t\t\t\t<div class=\"elementor-element elementor-element-15bd4b54 elementor-widget elementor-widget-gallery\" data-id=\"15bd4b54\" data-element_type=\"widget\" data-settings=\"{&quot;columns&quot;:3,&quot;aspect_ratio&quot;:&quot;1:1&quot;,&quot;image_hover_animation&quot;:&quot;grow&quot;,&quot;gap&quot;:{&quot;unit&quot;:&quot;px&quot;,&quot;size&quot;:30,&quot;sizes&quot;:[]},&quot;lazyload&quot;:&quot;yes&quot;,&quot;gallery_layout&quot;:&quot;grid&quot;,&quot;columns_tablet&quot;:2,&quot;columns_mobile&quot;:1,&quot;gap_tablet&quot;:{&quot;unit&quot;:&quot;px&quot;,&quot;size&quot;:10,&quot;sizes&quot;:[]},&quot;gap_mobile&quot;:{&quot;unit&quot;:&quot;px&quot;,&quot;size&quot;:10,&quot;sizes&quot;:[]},&quot;overlay_background&quot;:&quot;yes&quot;,&quot;content_hover_animation&quot;:&quot;fade-in&quot;}\" data-widget_type=\"gallery.default\">\n\t\t\t\t\t\t\t<div class=\"elementor-gallery__container\">\n\t\t\t\t\t\t\t<div class=\"e-gallery-item elementor-gallery-item elementor-animated-content\">\n\t\t\t\t\t<div class=\"e-gallery-image elementor-gallery-item__image\" data-thumbnail=\"https:\/\/electricsindustrialsbanyoles.com\/wp-content\/uploads\/2025\/10\/Imatge-de-WhatsApp-2025-10-20-a-les-12.05.13_ee1865a7-1.jpg\" data-width=\"2048\" data-height=\"1536\" aria-label=\"\" role=\"img\" ><\/div>\n\t\t\t\t\t\t\t\t\t\t\t<div class=\"elementor-gallery-item__overlay\"><\/div>\n\t\t\t\t\t\t\t\t\t\t\t\t\t\t<\/div>\n\t\t\t\t\t\t\t<div class=\"e-gallery-item elementor-gallery-item elementor-animated-content\">\n\t\t\t\t\t<div class=\"e-gallery-image elementor-gallery-item__image\" data-thumbnail=\"https:\/\/electricsindustrialsbanyoles.com\/wp-content\/uploads\/2025\/10\/Imatge-de-WhatsApp-2025-10-20-a-les-12.05.12_cb317e3a-1.jpg\" data-width=\"1204\" data-height=\"1600\" aria-label=\"\" role=\"img\" ><\/div>\n\t\t\t\t\t\t\t\t\t\t\t<div class=\"elementor-gallery-item__overlay\"><\/div>\n\t\t\t\t\t\t\t\t\t\t\t\t\t\t<\/div>\n\t\t\t\t\t\t\t<div class=\"e-gallery-item elementor-gallery-item elementor-animated-content\">\n\t\t\t\t\t<div class=\"e-gallery-image elementor-gallery-item__image\" data-thumbnail=\"https:\/\/electricsindustrialsbanyoles.com\/wp-content\/uploads\/2025\/10\/Imatge-de-WhatsApp-2025-10-20-a-les-12.05.12_bbb64b07-1.jpg\" data-width=\"1204\" data-height=\"1600\" aria-label=\"\" role=\"img\" ><\/div>\n\t\t\t\t\t\t\t\t\t\t\t<div class=\"elementor-gallery-item__overlay\"><\/div>\n\t\t\t\t\t\t\t\t\t\t\t\t\t\t<\/div>\n\t\t\t\t\t\t\t<div class=\"e-gallery-item elementor-gallery-item elementor-animated-content\">\n\t\t\t\t\t<div class=\"e-gallery-image elementor-gallery-item__image\" data-thumbnail=\"https:\/\/electricsindustrialsbanyoles.com\/wp-content\/uploads\/2025\/10\/Imatge-de-WhatsApp-2025-10-20-a-les-12.05.13_a6c83abf-1.jpg\" data-width=\"900\" data-height=\"1600\" aria-label=\"\" role=\"img\" ><\/div>\n\t\t\t\t\t\t\t\t\t\t\t<div class=\"elementor-gallery-item__overlay\"><\/div>\n\t\t\t\t\t\t\t\t\t\t\t\t\t\t<\/div>\n\t\t\t\t\t\t\t<div class=\"e-gallery-item elementor-gallery-item elementor-animated-content\">\n\t\t\t\t\t<div class=\"e-gallery-image elementor-gallery-item__image\" data-thumbnail=\"https:\/\/electricsindustrialsbanyoles.com\/wp-content\/uploads\/2025\/10\/Imatge-de-WhatsApp-2025-10-20-a-les-12.05.13_1dc3fa47-1.jpg\" data-width=\"1200\" data-height=\"1600\" aria-label=\"\" role=\"img\" ><\/div>\n\t\t\t\t\t\t\t\t\t\t\t<div class=\"elementor-gallery-item__overlay\"><\/div>\n\t\t\t\t\t\t\t\t\t\t\t\t\t\t<\/div>\n\t\t\t\t\t\t\t<div class=\"e-gallery-item elementor-gallery-item elementor-animated-content\">\n\t\t\t\t\t<div class=\"e-gallery-image elementor-gallery-item__image\" data-thumbnail=\"https:\/\/electricsindustrialsbanyoles.com\/wp-content\/uploads\/2025\/10\/Imatge-de-WhatsApp-2025-10-20-a-les-12.05.12_1412a312.jpg\" data-width=\"1152\" data-height=\"2048\" aria-label=\"\" role=\"img\" ><\/div>\n\t\t\t\t\t\t\t\t\t\t\t<div class=\"elementor-gallery-item__overlay\"><\/div>\n\t\t\t\t\t\t\t\t\t\t\t\t\t\t<\/div>\n\t\t\t\t\t\t\t<div class=\"e-gallery-item elementor-gallery-item elementor-animated-content\">\n\t\t\t\t\t<div class=\"e-gallery-image elementor-gallery-item__image\" data-thumbnail=\"https:\/\/electricsindustrialsbanyoles.com\/wp-content\/uploads\/2025\/10\/Imatge-de-WhatsApp-2025-10-20-a-les-12.05.12_127b8158.jpg\" data-width=\"1204\" data-height=\"1600\" aria-label=\"\" role=\"img\" ><\/div>\n\t\t\t\t\t\t\t\t\t\t\t<div class=\"elementor-gallery-item__overlay\"><\/div>\n\t\t\t\t\t\t\t\t\t\t\t\t\t\t<\/div>\n\t\t\t\t\t\t\t<div class=\"e-gallery-item elementor-gallery-item elementor-animated-content\">\n\t\t\t\t\t<div class=\"e-gallery-image elementor-gallery-item__image\" data-thumbnail=\"https:\/\/electricsindustrialsbanyoles.com\/wp-content\/uploads\/2025\/10\/Imatge-de-WhatsApp-2025-10-20-a-les-12.05.12_727f0135-1.jpg\" data-width=\"2048\" data-height=\"1536\" aria-label=\"\" role=\"img\" ><\/div>\n\t\t\t\t\t\t\t\t\t\t\t<div class=\"elementor-gallery-item__overlay\"><\/div>\n\t\t\t\t\t\t\t\t\t\t\t\t\t\t<\/div>\n\t\t\t\t\t\t\t<div class=\"e-gallery-item elementor-gallery-item elementor-animated-content\">\n\t\t\t\t\t<div class=\"e-gallery-image elementor-gallery-item__image\" data-thumbnail=\"https:\/\/electricsindustrialsbanyoles.com\/wp-content\/uploads\/2025\/10\/Imatge-de-WhatsApp-2025-10-20-a-les-12.05.12_3f84b216-1.jpg\" data-width=\"720\" data-height=\"1600\" aria-label=\"\" role=\"img\" ><\/div>\n\t\t\t\t\t\t\t\t\t\t\t<div class=\"elementor-gallery-item__overlay\"><\/div>\n\t\t\t\t\t\t\t\t\t\t\t\t\t\t<\/div>\n\t\t\t\t\t<\/div>\n\t\t\t\t\t<\/div>\n\t\t\t\t\t<\/div>\n\t\t<\/div>\n\t\t\t\t\t<\/div>\n\t\t<\/section>\n\t\t\t\t<section class=\"elementor-section elementor-top-section elementor-element elementor-element-d18a787 elementor-section-boxed elementor-section-height-default elementor-section-height-default\" data-id=\"d18a787\" data-element_type=\"section\" data-settings=\"{&quot;background_background&quot;:&quot;classic&quot;}\">\n\t\t\t\t\t\t\t<div class=\"elementor-background-overlay\"><\/div>\n\t\t\t\t\t\t\t<div class=\"elementor-container elementor-column-gap-default\">\n\t\t\t\t\t<div class=\"elementor-column elementor-col-100 elementor-top-column elementor-element elementor-element-76e7f02 animated-slow elementor-invisible\" data-id=\"76e7f02\" data-element_type=\"column\" data-settings=\"{&quot;animation&quot;:&quot;fadeIn&quot;}\">\n\t\t\t<div class=\"elementor-widget-wrap elementor-element-populated\">\n\t\t\t\t\t\t<div class=\"elementor-element elementor-element-6400738 elementor-widget elementor-widget-heading\" data-id=\"6400738\" data-element_type=\"widget\" data-widget_type=\"heading.default\">\n\t\t\t\t\t<h2 class=\"elementor-heading-title elementor-size-default\">\u00bfEst\u00e1s pensando en comenzar un proyecto y necesitas ayuda? <\/h2>\t\t\t\t<\/div>\n\t\t\t\t<div class=\"elementor-element elementor-element-35bdbc4 elementor-widget__width-initial elementor-widget elementor-widget-heading\" data-id=\"35bdbc4\" data-element_type=\"widget\" data-widget_type=\"heading.default\">\n\t\t\t\t\t<h3 class=\"elementor-heading-title elementor-size-default\">El\u00e8ctrics Industrials Banyoles seremos tus compa\u00f1eros de trabajo. Conf\u00eda en nosotros y haz realidad tu idea <\/h3>\t\t\t\t<\/div>\n\t\t\t\t<div class=\"elementor-element elementor-element-1ab0c89 elementor-align-center elementor-widget elementor-widget-button\" data-id=\"1ab0c89\" data-element_type=\"widget\" data-widget_type=\"button.default\">\n\t\t\t\t\t\t\t\t\t\t<a class=\"elementor-button elementor-button-link elementor-size-sm elementor-animation-shrink\" href=\"https:\/\/electricsindustrialsbanyoles.com\/es\/contacto\/\">\n\t\t\t\t\t\t<span class=\"elementor-button-content-wrapper\">\n\t\t\t\t\t\t\t\t\t<span class=\"elementor-button-text\">Cont\u00e1ctanos<\/span>\n\t\t\t\t\t<\/span>\n\t\t\t\t\t<\/a>\n\t\t\t\t\t\t\t\t<\/div>\n\t\t\t\t\t<\/div>\n\t\t<\/div>\n\t\t\t\t\t<\/div>\n\t\t<\/section>\n\t\t\t\t<\/div>\n\t\t","protected":false},"excerpt":{"rendered":"<p>Proyectos Proyectos a medida En El\u00e8ctrics Industrials Banyoles nos especializamos en ofrecer soluciones personalizadas. Desde equipos hasta el dise\u00f1o y montaje de cuadros el\u00e9ctricos, pasando por el traslado de maquinaria y retrofitting, trabajamos de la mano con nuestros clientes para garantizar que cada proyecto cumpla con los m\u00e1s altos est\u00e1ndares de calidad y eficiencia. Adaptamos [&hellip;]<\/p>\n","protected":false},"author":2,"featured_media":0,"parent":0,"menu_order":0,"comment_status":"closed","ping_status":"closed","template":"elementor_header_footer","meta":{"footnotes":""},"class_list":["post-596","page","type-page","status-publish","hentry"],"yoast_head":"<!-- This site is optimized with the Yoast SEO plugin v26.8 - https:\/\/yoast.com\/product\/yoast-seo-wordpress\/ -->\n<title>Proyectos - Electrics Industrials Banyoles<\/title>\n<meta name=\"robots\" content=\"index, follow, max-snippet:-1, max-image-preview:large, max-video-preview:-1\" \/>\n<link rel=\"canonical\" href=\"https:\/\/electricsindustrialsbanyoles.com\/es\/proyectos\/\" \/>\n<meta property=\"og:locale\" content=\"es_ES\" \/>\n<meta property=\"og:type\" content=\"article\" \/>\n<meta property=\"og:title\" content=\"Proyectos - Electrics Industrials Banyoles\" \/>\n<meta property=\"og:description\" content=\"Proyectos Proyectos a medida En El\u00e8ctrics Industrials Banyoles nos especializamos en ofrecer soluciones personalizadas. Desde equipos hasta el dise\u00f1o y montaje de cuadros el\u00e9ctricos, pasando por el traslado de maquinaria y retrofitting, trabajamos de la mano con nuestros clientes para garantizar que cada proyecto cumpla con los m\u00e1s altos est\u00e1ndares de calidad y eficiencia. Adaptamos [&hellip;]\" \/>\n<meta property=\"og:url\" content=\"https:\/\/electricsindustrialsbanyoles.com\/es\/proyectos\/\" \/>\n<meta property=\"og:site_name\" content=\"Electrics Industrials Banyoles\" \/>\n<meta property=\"article:modified_time\" content=\"2026-01-30T12:50:22+00:00\" \/>\n<meta name=\"twitter:card\" content=\"summary_large_image\" \/>\n<meta name=\"twitter:label1\" content=\"Tiempo de lectura\" \/>\n\t<meta name=\"twitter:data1\" content=\"1 minuto\" \/>\n<script type=\"application\/ld+json\" class=\"yoast-schema-graph\">{\"@context\":\"https:\/\/schema.org\",\"@graph\":[{\"@type\":\"WebPage\",\"@id\":\"https:\/\/electricsindustrialsbanyoles.com\/es\/proyectos\/\",\"url\":\"https:\/\/electricsindustrialsbanyoles.com\/es\/proyectos\/\",\"name\":\"Proyectos - Electrics Industrials Banyoles\",\"isPartOf\":{\"@id\":\"https:\/\/electricsindustrialsbanyoles.com\/es\/#website\"},\"datePublished\":\"2025-10-17T12:35:44+00:00\",\"dateModified\":\"2026-01-30T12:50:22+00:00\",\"breadcrumb\":{\"@id\":\"https:\/\/electricsindustrialsbanyoles.com\/es\/proyectos\/#breadcrumb\"},\"inLanguage\":\"es\",\"potentialAction\":[{\"@type\":\"ReadAction\",\"target\":[\"https:\/\/electricsindustrialsbanyoles.com\/es\/proyectos\/\"]}]},{\"@type\":\"BreadcrumbList\",\"@id\":\"https:\/\/electricsindustrialsbanyoles.com\/es\/proyectos\/#breadcrumb\",\"itemListElement\":[{\"@type\":\"ListItem\",\"position\":1,\"name\":\"Portada\",\"item\":\"https:\/\/electricsindustrialsbanyoles.com\/es\/inicio\/\"},{\"@type\":\"ListItem\",\"position\":2,\"name\":\"Proyectos\"}]},{\"@type\":\"WebSite\",\"@id\":\"https:\/\/electricsindustrialsbanyoles.com\/es\/#website\",\"url\":\"https:\/\/electricsindustrialsbanyoles.com\/es\/\",\"name\":\"Electrics Industrials Banyoles\",\"description\":\"\",\"publisher\":{\"@id\":\"https:\/\/electricsindustrialsbanyoles.com\/es\/#organization\"},\"potentialAction\":[{\"@type\":\"SearchAction\",\"target\":{\"@type\":\"EntryPoint\",\"urlTemplate\":\"https:\/\/electricsindustrialsbanyoles.com\/es\/?s={search_term_string}\"},\"query-input\":{\"@type\":\"PropertyValueSpecification\",\"valueRequired\":true,\"valueName\":\"search_term_string\"}}],\"inLanguage\":\"es\"},{\"@type\":\"Organization\",\"@id\":\"https:\/\/electricsindustrialsbanyoles.com\/es\/#organization\",\"name\":\"Electrics Industrials Banyoles\",\"url\":\"https:\/\/electricsindustrialsbanyoles.com\/es\/\",\"logo\":{\"@type\":\"ImageObject\",\"inLanguage\":\"es\",\"@id\":\"https:\/\/electricsindustrialsbanyoles.com\/es\/#\/schema\/logo\/image\/\",\"url\":\"https:\/\/electricsindustrialsbanyoles.com\/wp-content\/uploads\/2025\/10\/LOGO-EIB.png\",\"contentUrl\":\"https:\/\/electricsindustrialsbanyoles.com\/wp-content\/uploads\/2025\/10\/LOGO-EIB.png\",\"width\":827,\"height\":231,\"caption\":\"Electrics Industrials Banyoles\"},\"image\":{\"@id\":\"https:\/\/electricsindustrialsbanyoles.com\/es\/#\/schema\/logo\/image\/\"}}]}<\/script>\n<!-- \/ Yoast SEO plugin. -->","yoast_head_json":{"title":"Proyectos - Electrics Industrials Banyoles","robots":{"index":"index","follow":"follow","max-snippet":"max-snippet:-1","max-image-preview":"max-image-preview:large","max-video-preview":"max-video-preview:-1"},"canonical":"https:\/\/electricsindustrialsbanyoles.com\/es\/proyectos\/","og_locale":"es_ES","og_type":"article","og_title":"Proyectos - Electrics Industrials Banyoles","og_description":"Proyectos Proyectos a medida En El\u00e8ctrics Industrials Banyoles nos especializamos en ofrecer soluciones personalizadas. Desde equipos hasta el dise\u00f1o y montaje de cuadros el\u00e9ctricos, pasando por el traslado de maquinaria y retrofitting, trabajamos de la mano con nuestros clientes para garantizar que cada proyecto cumpla con los m\u00e1s altos est\u00e1ndares de calidad y eficiencia. Adaptamos [&hellip;]","og_url":"https:\/\/electricsindustrialsbanyoles.com\/es\/proyectos\/","og_site_name":"Electrics Industrials Banyoles","article_modified_time":"2026-01-30T12:50:22+00:00","twitter_card":"summary_large_image","twitter_misc":{"Tiempo de lectura":"1 minuto"},"schema":{"@context":"https:\/\/schema.org","@graph":[{"@type":"WebPage","@id":"https:\/\/electricsindustrialsbanyoles.com\/es\/proyectos\/","url":"https:\/\/electricsindustrialsbanyoles.com\/es\/proyectos\/","name":"Proyectos - Electrics Industrials Banyoles","isPartOf":{"@id":"https:\/\/electricsindustrialsbanyoles.com\/es\/#website"},"datePublished":"2025-10-17T12:35:44+00:00","dateModified":"2026-01-30T12:50:22+00:00","breadcrumb":{"@id":"https:\/\/electricsindustrialsbanyoles.com\/es\/proyectos\/#breadcrumb"},"inLanguage":"es","potentialAction":[{"@type":"ReadAction","target":["https:\/\/electricsindustrialsbanyoles.com\/es\/proyectos\/"]}]},{"@type":"BreadcrumbList","@id":"https:\/\/electricsindustrialsbanyoles.com\/es\/proyectos\/#breadcrumb","itemListElement":[{"@type":"ListItem","position":1,"name":"Portada","item":"https:\/\/electricsindustrialsbanyoles.com\/es\/inicio\/"},{"@type":"ListItem","position":2,"name":"Proyectos"}]},{"@type":"WebSite","@id":"https:\/\/electricsindustrialsbanyoles.com\/es\/#website","url":"https:\/\/electricsindustrialsbanyoles.com\/es\/","name":"Electrics Industrials Banyoles","description":"","publisher":{"@id":"https:\/\/electricsindustrialsbanyoles.com\/es\/#organization"},"potentialAction":[{"@type":"SearchAction","target":{"@type":"EntryPoint","urlTemplate":"https:\/\/electricsindustrialsbanyoles.com\/es\/?s={search_term_string}"},"query-input":{"@type":"PropertyValueSpecification","valueRequired":true,"valueName":"search_term_string"}}],"inLanguage":"es"},{"@type":"Organization","@id":"https:\/\/electricsindustrialsbanyoles.com\/es\/#organization","name":"Electrics Industrials Banyoles","url":"https:\/\/electricsindustrialsbanyoles.com\/es\/","logo":{"@type":"ImageObject","inLanguage":"es","@id":"https:\/\/electricsindustrialsbanyoles.com\/es\/#\/schema\/logo\/image\/","url":"https:\/\/electricsindustrialsbanyoles.com\/wp-content\/uploads\/2025\/10\/LOGO-EIB.png","contentUrl":"https:\/\/electricsindustrialsbanyoles.com\/wp-content\/uploads\/2025\/10\/LOGO-EIB.png","width":827,"height":231,"caption":"Electrics Industrials Banyoles"},"image":{"@id":"https:\/\/electricsindustrialsbanyoles.com\/es\/#\/schema\/logo\/image\/"}}]}},"_links":{"self":[{"href":"https:\/\/electricsindustrialsbanyoles.com\/es\/wp-json\/wp\/v2\/pages\/596","targetHints":{"allow":["GET"]}}],"collection":[{"href":"https:\/\/electricsindustrialsbanyoles.com\/es\/wp-json\/wp\/v2\/pages"}],"about":[{"href":"https:\/\/electricsindustrialsbanyoles.com\/es\/wp-json\/wp\/v2\/types\/page"}],"author":[{"embeddable":true,"href":"https:\/\/electricsindustrialsbanyoles.com\/es\/wp-json\/wp\/v2\/users\/2"}],"replies":[{"embeddable":true,"href":"https:\/\/electricsindustrialsbanyoles.com\/es\/wp-json\/wp\/v2\/comments?post=596"}],"version-history":[{"count":5,"href":"https:\/\/electricsindustrialsbanyoles.com\/es\/wp-json\/wp\/v2\/pages\/596\/revisions"}],"predecessor-version":[{"id":637,"href":"https:\/\/electricsindustrialsbanyoles.com\/es\/wp-json\/wp\/v2\/pages\/596\/revisions\/637"}],"wp:attachment":[{"href":"https:\/\/electricsindustrialsbanyoles.com\/es\/wp-json\/wp\/v2\/media?parent=596"}],"curies":[{"name":"wp","href":"https:\/\/api.w.org\/{rel}","templated":true}]}}