{"id":598,"date":"2025-10-20T11:06:11","date_gmt":"2025-10-20T09:06:11","guid":{"rendered":"https:\/\/electricsindustrialsbanyoles.com\/?page_id=598"},"modified":"2025-11-18T16:48:34","modified_gmt":"2025-11-18T15:48:34","slug":"aviso-legal","status":"publish","type":"page","link":"https:\/\/electricsindustrialsbanyoles.com\/es\/aviso-legal\/","title":{"rendered":"Aviso Legal"},"content":{"rendered":"\t\t<div data-elementor-type=\"wp-page\" data-elementor-id=\"598\" class=\"elementor elementor-598 elementor-331\" data-elementor-post-type=\"page\">\n\t\t\t\t<div class=\"elementor-element elementor-element-aab24e0 e-flex e-con-boxed e-con e-parent\" data-id=\"aab24e0\" data-element_type=\"container\">\n\t\t\t\t\t<div class=\"e-con-inner\">\n\t\t\t\t<div class=\"elementor-element elementor-element-bc5392f elementor-widget elementor-widget-heading\" data-id=\"bc5392f\" data-element_type=\"widget\" data-widget_type=\"heading.default\">\n\t\t\t\t\t<h1 class=\"elementor-heading-title elementor-size-default\">Aviso legal<\/h1>\t\t\t\t<\/div>\n\t\t\t\t<div class=\"elementor-element elementor-element-5995389 elementor-widget elementor-widget-heading\" data-id=\"5995389\" data-element_type=\"widget\" data-widget_type=\"heading.default\">\n\t\t\t\t\t<h2 class=\"elementor-heading-title elementor-size-default\">LEY DE LOS SERVICIOS DE LA SOCIEDAD DE LA INFORMACI\u00d3N (LSSI)<\/h2>\t\t\t\t<\/div>\n\t\t\t\t<div class=\"elementor-element elementor-element-c0102e4 elementor-widget elementor-widget-text-editor\" data-id=\"c0102e4\" data-element_type=\"widget\" data-widget_type=\"text-editor.default\">\n\t\t\t\t\t\t\t\t\t<p>ELECTRICS INDUSTRIALES BANYOLES, S.L., responsable del sitio web, en adelante el RESPONSABLE, pone a disposici\u00f3n de los usuarios este documento, con el que pretende hacer cumplir las obligaciones establecidas en la Ley 34\/2002, de 11 de julio, de Servicios de la Sociedad de la Informaci\u00f3n y de Comercio Electr\u00f3nico (LSSICE), 1 sobre cu\u00e1les son las condiciones de uso.<\/p><p>Cualquier persona que acceda a este sitio web asume el papel de usuario y se compromete a la observancia y cumplimiento riguroso de las disposiciones que se establecen, as\u00ed como a cualquier otra disposici\u00f3n legal se le aplique. ELECTRICS INDUSTRIALES BANYOLES, S.L. se reserva el derecho de modificar cualquier tipo de informaci\u00f3n que pueda aparecer en el sitio web, sin la obligaci\u00f3n de preavisar o enterar a los usuarios de estas obligaciones, dado que se considera suficiente la publicaci\u00f3n en el sitio web de ELECTRICS INDUSTRIALS BANYOLES, S.L.<\/p>\t\t\t\t\t\t\t\t<\/div>\n\t\t\t\t<div class=\"elementor-element elementor-element-63564ff elementor-widget elementor-widget-heading\" data-id=\"63564ff\" data-element_type=\"widget\" data-widget_type=\"heading.default\">\n\t\t\t\t\t<h3 class=\"elementor-heading-title elementor-size-default\">1. DATOS IDENTIFICADORES<\/h3>\t\t\t\t<\/div>\n\t\t\t\t<div class=\"elementor-element elementor-element-6441db8 elementor-widget elementor-widget-text-editor\" data-id=\"6441db8\" data-element_type=\"widget\" data-widget_type=\"text-editor.default\">\n\t\t\t\t\t\t\t\t\t<p>Nombre del dominio: electricsindustrialsbanyoles.com<br \/>Nombre comercial:<br \/>Denominaci\u00f3n social: ELECTRICS INDUSTRIALES BANYOLES, S.L.<br \/>NIF: B19771641<br \/>Domicilio social: &#8230;&#8230;&#8230;&#8230;&#8230;&#8230;&#8230;&#8230;.<br \/>Tel\u00e9fono: &#8230;&#8230;&#8230;&#8230;&#8230;&#8230;&#8230;&#8230;.<br \/>E-mail: &#8230;&#8230;&#8230;&#8230;&#8230;&#8230;&#8230;&#8230;.<br \/>Registro Mercantil de Girona: S 8, Full GI 74764<\/p>\t\t\t\t\t\t\t\t<\/div>\n\t\t\t\t<div class=\"elementor-element elementor-element-49c0e89 elementor-widget elementor-widget-heading\" data-id=\"49c0e89\" data-element_type=\"widget\" data-widget_type=\"heading.default\">\n\t\t\t\t\t<h3 class=\"elementor-heading-title elementor-size-default\">2. DERECHOS DE PROPIEDAD INTELECTUAL E INDUSTRIAL<\/h3>\t\t\t\t<\/div>\n\t\t\t\t<div class=\"elementor-element elementor-element-130edc7 elementor-widget elementor-widget-text-editor\" data-id=\"130edc7\" data-element_type=\"widget\" data-widget_type=\"text-editor.default\">\n\t\t\t\t\t\t\t\t\t<p>El sitio web, incluyendo a t\u00edtulo enunciativo pero no limitativo su programaci\u00f3n, edici\u00f3n, compilaci\u00f3n y otros elementos necesarios para su funcionamiento, los dise\u00f1os, logotipos, texto y\/o gr\u00e1ficos, son propiedad del RESPONSABLE o, en su caso, dispone de licencia o autorizaci\u00f3n expresa por parte de los autores. Todos los contenidos del sitio web se encuentran debidamente protegidos por la normativa de propiedad intelectual e industrial, as\u00ed como inscritos en los registros p\u00fablicos correspondientes.<\/p><p>Independientemente de la finalidad para la que fuesen destinados, la reproducci\u00f3n total o parcial, uso, explotaci\u00f3n, distribuci\u00f3n y comercializaci\u00f3n, requiere en todo caso la autorizaci\u00f3n escrita previa por parte del RESPONSABLE. Cualquier uso no autorizado previamente se considerar\u00e1 un incumplimiento grave de los derechos de propiedad intelectual o industrial del autor.<\/p><p>Los dise\u00f1os, logotipos, texto y\/o gr\u00e1ficos ajenos al RESPONSABLE y que puedan aparecer en el sitio web, pertenecen a sus respectivos propietarios, quienes son responsables de cualquier posible controversia que pueda desprenderse. El RESPONSABLE autoriza expresamente a que terceros puedan redirigir directamente a los contenidos concretos del sitio web, y en todo caso redirigir al sitio web principal de electricsindustrialsbanyoles.com. El RESPONSABLE reconoce a favor de sus titulares los correspondientes derechos de propiedad intelectual e industrial, sin implicar su sola menci\u00f3n o aparici\u00f3n en el sitio web la existencia de derechos o responsabilidad sobre los mismos, ni el apoyo, patrocinio o recomendaci\u00f3n por parte del RESPONSABLE.<\/p><p>Para efectuar cualquier tipo de observaci\u00f3n en cuanto a posibles incumplimientos de los derechos de propiedad intelectual o industrial, as\u00ed como sobre cualquiera de los contenidos del sitio web, puede hacerlo a trav\u00e9s del correo<\/p><p>ELECTRICS INDUSTRIALES BANYOLES, S.L.<\/p><p>Calle Seriny\u00e0, 1 &#8211; 17820 BANYOLES (Girona) ESPA\u00d1A<\/p><p>10-11-2025<\/p><p>electr\u00f3nico &#8230;&#8230;&#8230;&#8230;&#8230;&#8230;&#8230;&#8230;..<\/p>\t\t\t\t\t\t\t\t<\/div>\n\t\t\t\t<div class=\"elementor-element elementor-element-572fe41 elementor-widget elementor-widget-heading\" data-id=\"572fe41\" data-element_type=\"widget\" data-widget_type=\"heading.default\">\n\t\t\t\t\t<h3 class=\"elementor-heading-title elementor-size-default\">3. EXENCI\u00d3N DE RESPONSABILIDADES<\/h3>\t\t\t\t<\/div>\n\t\t\t\t<div class=\"elementor-element elementor-element-5578ba2 elementor-widget elementor-widget-text-editor\" data-id=\"5578ba2\" data-element_type=\"widget\" data-widget_type=\"text-editor.default\">\n\t\t\t\t\t\t\t\t\t<p>El RESPONSABLE se exime de cualquier tipo de responsabilidad derivada de la informaci\u00f3n publicada en su sitio web siempre que no tenga conocimiento efectivo de que esta informaci\u00f3n haya sido manipulada o introducida por un tercero ajeno a la misma o, si lo tiene, haya actuado con diligencia para retirar los datos o hacer imposible el acceso a ellos.<\/p><p>Uso de Cookies<br \/>Puede que este sitio web utilice cookies t\u00e9cnicas (peque\u00f1os archivos de informaci\u00f3n que el servidor env\u00eda al ordenador de quien accede a la p\u00e1gina) para llevar a cabo determinadas funciones que se consideran imprescindibles para el correcto funcionamiento y visualizaci\u00f3n de la web. Las cookies utilizadas tienen, en cualquier caso, car\u00e1cter temporal, con la \u00fanica finalidad de hacer que la navegaci\u00f3n sea m\u00e1s eficiente, desapareciendo al finalizar la sesi\u00f3n del usuario. En ning\u00fan caso, estas cookies proporcionan por s\u00ed mismas datos de car\u00e1cter personal y no se utilizar\u00e1n para recabar datos de este tipo.<\/p><p>Mediante el uso de cookies tambi\u00e9n es posible que el servidor en el que se encuentra la web reconozca el navegador que utiliza el usuario, con el fin de que la navegaci\u00f3n sea m\u00e1s sencilla, permitiendo, por ejemplo, el acceso de los usuarios que se hayan registrado previamente en las \u00e1reas, servicios, promociones o concursos reservados exclusivamente a ellos sin tener que registrarse en cada visita. Tambi\u00e9n se pueden utilizar para medir la audiencia, par\u00e1metros de tr\u00e1fico, controlar el progreso y n\u00famero de entradas, etc. En estos casos, las cookies son prescindibles t\u00e9cnicamente pero beneficiosas para el usuario. Este sitio web no instalar\u00e1 cookies prescindibles sin el previo consentimiento del usuario.<\/p><p>Esta p\u00e1gina web utiliza cookies anal\u00edticas para habilitar la funci\u00f3n de control de visitas \u00fanicas con el fin de facilitarle la navegaci\u00f3n. Se informa a todos los usuarios que visitan la web del uso de estas cookies mediante un banner flotante, considerando que si aceptan el tratamiento est\u00e1n de acuerdo con su uso. En caso de aceptar su uso, el banner desaparecer\u00e1, aunque en todo momento podr\u00e1n revocar el consentimiento y obtener m\u00e1s informaci\u00f3n consultando nuestra Pol\u00edtica de cookies.<\/p><p>El usuario tiene la posibilidad de configurar su navegador para ser alertado de la recepci\u00f3n de cookies y para impedir su instalaci\u00f3n en su equipo. Por favor, consulte las instrucciones de su navegador para ampliar esta informaci\u00f3n.<\/p><p>Pol\u00edtica de enlaces<br \/>Desde el sitio web, es posible que se redirija a contenidos de terceros sitios web. Dado que el RESPONSABLE no puede controlar siempre los contenidos introducidos por terceros en sus respectivos sitios web, no asume ning\u00fan tipo de responsabilidad respecto a estos contenidos. En cualquier caso, retirar\u00e1 inmediatamente cualquier contenido que pueda transgredir la legislaci\u00f3n nacional o internacional, la moral o el orden p\u00fablico, retirando inmediatamente<br \/>la redirecci\u00f3n a este sitio web y enterando a las autoridades competentes del contenido en cuesti\u00f3n.<\/p><p>El RESPONSABLE no se hace responsable de la informaci\u00f3n y contenidos almacenados, a t\u00edtulo enunciativo pero no limitativo, en foros, chats, generadores de blogs, comentarios, redes sociales o cualquier otro medio que permita a terceros publicar contenidos de forma independiente en la p\u00e1gina web del RESPONSABLE. Sin embargo, y en cumplimiento de lo establecido en los art\u00edculos 11 y 16 de la LSSICE, se pone a disposici\u00f3n de todos los usuarios, autoridades<br \/>y fuerzas de seguridad que colaboren de forma activa en la retirada o, en su caso, bloqueo de todos los contenidos que puedan afectar o transgredir la legislaci\u00f3n nacional o internacional, los derechos de terceros o la moral y el orden p\u00fablico. En caso de que el usuario considere que el sitio web contiene material que pueda ser susceptible de esta clasificaci\u00f3n, le rogamos que lo notifique inmediatamente al administrador del sitio web.<\/p><p>Este sitio web se ha revisado y probado para que funcione correctamente. En principio, puede garantizarse que funcionar\u00e1 correctamente los 365 d\u00edas del a\u00f1o y las 24 horas al d\u00eda. No obstante, el RESPONSABLE no descarta la posibilidad de que se produzcan errores de programaci\u00f3n, o de que ocurran causas de fuerza mayor, cat\u00e1strofes naturales, huelgas o circunstancias similares que hagan imposible el acceso a la p\u00e1gina web.<\/p><p>Direcciones IP<br \/>Los servidores del sitio web podr\u00e1n detectar autom\u00e1ticamente la direcci\u00f3n IP y el nombre del dominio utilizados por el usuario.<br \/>ELECTRICS INDUSTRIALES BANYOLES, S.L.<br \/>Calle Seriny\u00e0, 1 &#8211; 17820 BANYOLES (Girona) ESPA\u00d1A<br \/>10-11-2025<br \/>Una direcci\u00f3n IP es un n\u00famero asignado autom\u00e1ticamente a un ordenador en cuanto se conecta a Internet. Toda esta informaci\u00f3n queda registrada en un fichero de actividad del servidor debidamente inscrito que permite procesar los datos posteriormente para obtener mediciones \u00fanicamente estad\u00edsticas que permitan conocer el n\u00famero de impresiones de p\u00e1ginas, el n\u00famero de visitas efectuadas a los servidores web, el orden de visitas, el punto de acceso, etc<\/p>\t\t\t\t\t\t\t\t<\/div>\n\t\t\t\t<div class=\"elementor-element elementor-element-3f54147 elementor-widget elementor-widget-heading\" data-id=\"3f54147\" data-element_type=\"widget\" data-widget_type=\"heading.default\">\n\t\t\t\t\t<h3 class=\"elementor-heading-title elementor-size-default\">4. LLEI APLICABLE I JURISDICCI\u00d3\n<\/h3>\t\t\t\t<\/div>\n\t\t\t\t<div class=\"elementor-element elementor-element-36e322b elementor-widget elementor-widget-text-editor\" data-id=\"36e322b\" data-element_type=\"widget\" data-widget_type=\"text-editor.default\">\n\t\t\t\t\t\t\t\t\t<p>Per a la resoluci\u00f3 de totes les controv\u00e8rsies o q\u00fcestions relacionades amb aquest lloc web o de les activitats que s\u2019hi duen a terme, s\u2019aplicar\u00e0 la legislaci\u00f3 espanyola, a la qual se sotmeten expressament les parts, els quals\u00a0<span style=\"font-size: 16px;\">tindran compet\u00e8ncia suficient per a la resoluci\u00f3 de tots els conflictes derivats o relacionats amb el seu \u00fas els\u00a0<\/span><span style=\"font-size: 16px;\">Jutjats i Tribunals del domicili de l\u2019USUARI o el lloc de compliment de l\u2019obligaci\u00f3.<\/span><\/p>\t\t\t\t\t\t\t\t<\/div>\n\t\t\t\t\t<\/div>\n\t\t\t\t<\/div>\n\t\t\t\t<\/div>\n\t\t","protected":false},"excerpt":{"rendered":"<p>Aviso legal LEY DE LOS SERVICIOS DE LA SOCIEDAD DE LA INFORMACI\u00d3N (LSSI) ELECTRICS INDUSTRIALES BANYOLES, S.L., responsable del sitio web, en adelante el RESPONSABLE, pone a disposici\u00f3n de los usuarios este documento, con el que pretende hacer cumplir las obligaciones establecidas en la Ley 34\/2002, de 11 de julio, de Servicios de la Sociedad [&hellip;]<\/p>\n","protected":false},"author":2,"featured_media":0,"parent":0,"menu_order":0,"comment_status":"closed","ping_status":"closed","template":"elementor_header_footer","meta":{"footnotes":""},"class_list":["post-598","page","type-page","status-publish","hentry"],"yoast_head":"<!-- This site is optimized with the Yoast SEO plugin v26.8 - https:\/\/yoast.com\/product\/yoast-seo-wordpress\/ -->\n<title>Aviso Legal - Electrics Industrials Banyoles<\/title>\n<meta name=\"robots\" content=\"index, follow, max-snippet:-1, max-image-preview:large, max-video-preview:-1\" \/>\n<link rel=\"canonical\" href=\"https:\/\/electricsindustrialsbanyoles.com\/es\/aviso-legal\/\" \/>\n<meta property=\"og:locale\" content=\"es_ES\" \/>\n<meta property=\"og:type\" content=\"article\" \/>\n<meta property=\"og:title\" content=\"Aviso Legal - Electrics Industrials Banyoles\" \/>\n<meta property=\"og:description\" content=\"Aviso legal LEY DE LOS SERVICIOS DE LA SOCIEDAD DE LA INFORMACI\u00d3N (LSSI) ELECTRICS INDUSTRIALES BANYOLES, S.L., responsable del sitio web, en adelante el RESPONSABLE, pone a disposici\u00f3n de los usuarios este documento, con el que pretende hacer cumplir las obligaciones establecidas en la Ley 34\/2002, de 11 de julio, de Servicios de la Sociedad [&hellip;]\" \/>\n<meta property=\"og:url\" content=\"https:\/\/electricsindustrialsbanyoles.com\/es\/aviso-legal\/\" \/>\n<meta property=\"og:site_name\" content=\"Electrics Industrials Banyoles\" \/>\n<meta property=\"article:modified_time\" content=\"2025-11-18T15:48:34+00:00\" \/>\n<meta name=\"twitter:card\" content=\"summary_large_image\" \/>\n<meta name=\"twitter:label1\" content=\"Tiempo de lectura\" \/>\n\t<meta name=\"twitter:data1\" content=\"7 minutos\" \/>\n<script type=\"application\/ld+json\" class=\"yoast-schema-graph\">{\"@context\":\"https:\/\/schema.org\",\"@graph\":[{\"@type\":\"WebPage\",\"@id\":\"https:\/\/electricsindustrialsbanyoles.com\/es\/aviso-legal\/\",\"url\":\"https:\/\/electricsindustrialsbanyoles.com\/es\/aviso-legal\/\",\"name\":\"Aviso Legal - Electrics Industrials Banyoles\",\"isPartOf\":{\"@id\":\"https:\/\/electricsindustrialsbanyoles.com\/es\/#website\"},\"datePublished\":\"2025-10-20T09:06:11+00:00\",\"dateModified\":\"2025-11-18T15:48:34+00:00\",\"breadcrumb\":{\"@id\":\"https:\/\/electricsindustrialsbanyoles.com\/es\/aviso-legal\/#breadcrumb\"},\"inLanguage\":\"es\",\"potentialAction\":[{\"@type\":\"ReadAction\",\"target\":[\"https:\/\/electricsindustrialsbanyoles.com\/es\/aviso-legal\/\"]}]},{\"@type\":\"BreadcrumbList\",\"@id\":\"https:\/\/electricsindustrialsbanyoles.com\/es\/aviso-legal\/#breadcrumb\",\"itemListElement\":[{\"@type\":\"ListItem\",\"position\":1,\"name\":\"Portada\",\"item\":\"https:\/\/electricsindustrialsbanyoles.com\/es\/inicio\/\"},{\"@type\":\"ListItem\",\"position\":2,\"name\":\"Aviso Legal\"}]},{\"@type\":\"WebSite\",\"@id\":\"https:\/\/electricsindustrialsbanyoles.com\/es\/#website\",\"url\":\"https:\/\/electricsindustrialsbanyoles.com\/es\/\",\"name\":\"Electrics Industrials Banyoles\",\"description\":\"\",\"publisher\":{\"@id\":\"https:\/\/electricsindustrialsbanyoles.com\/es\/#organization\"},\"potentialAction\":[{\"@type\":\"SearchAction\",\"target\":{\"@type\":\"EntryPoint\",\"urlTemplate\":\"https:\/\/electricsindustrialsbanyoles.com\/es\/?s={search_term_string}\"},\"query-input\":{\"@type\":\"PropertyValueSpecification\",\"valueRequired\":true,\"valueName\":\"search_term_string\"}}],\"inLanguage\":\"es\"},{\"@type\":\"Organization\",\"@id\":\"https:\/\/electricsindustrialsbanyoles.com\/es\/#organization\",\"name\":\"Electrics Industrials Banyoles\",\"url\":\"https:\/\/electricsindustrialsbanyoles.com\/es\/\",\"logo\":{\"@type\":\"ImageObject\",\"inLanguage\":\"es\",\"@id\":\"https:\/\/electricsindustrialsbanyoles.com\/es\/#\/schema\/logo\/image\/\",\"url\":\"https:\/\/electricsindustrialsbanyoles.com\/wp-content\/uploads\/2025\/10\/LOGO-EIB.png\",\"contentUrl\":\"https:\/\/electricsindustrialsbanyoles.com\/wp-content\/uploads\/2025\/10\/LOGO-EIB.png\",\"width\":827,\"height\":231,\"caption\":\"Electrics Industrials Banyoles\"},\"image\":{\"@id\":\"https:\/\/electricsindustrialsbanyoles.com\/es\/#\/schema\/logo\/image\/\"}}]}<\/script>\n<!-- \/ Yoast SEO plugin. -->","yoast_head_json":{"title":"Aviso Legal - Electrics Industrials Banyoles","robots":{"index":"index","follow":"follow","max-snippet":"max-snippet:-1","max-image-preview":"max-image-preview:large","max-video-preview":"max-video-preview:-1"},"canonical":"https:\/\/electricsindustrialsbanyoles.com\/es\/aviso-legal\/","og_locale":"es_ES","og_type":"article","og_title":"Aviso Legal - Electrics Industrials Banyoles","og_description":"Aviso legal LEY DE LOS SERVICIOS DE LA SOCIEDAD DE LA INFORMACI\u00d3N (LSSI) ELECTRICS INDUSTRIALES BANYOLES, S.L., responsable del sitio web, en adelante el RESPONSABLE, pone a disposici\u00f3n de los usuarios este documento, con el que pretende hacer cumplir las obligaciones establecidas en la Ley 34\/2002, de 11 de julio, de Servicios de la Sociedad [&hellip;]","og_url":"https:\/\/electricsindustrialsbanyoles.com\/es\/aviso-legal\/","og_site_name":"Electrics Industrials Banyoles","article_modified_time":"2025-11-18T15:48:34+00:00","twitter_card":"summary_large_image","twitter_misc":{"Tiempo de lectura":"7 minutos"},"schema":{"@context":"https:\/\/schema.org","@graph":[{"@type":"WebPage","@id":"https:\/\/electricsindustrialsbanyoles.com\/es\/aviso-legal\/","url":"https:\/\/electricsindustrialsbanyoles.com\/es\/aviso-legal\/","name":"Aviso Legal - Electrics Industrials Banyoles","isPartOf":{"@id":"https:\/\/electricsindustrialsbanyoles.com\/es\/#website"},"datePublished":"2025-10-20T09:06:11+00:00","dateModified":"2025-11-18T15:48:34+00:00","breadcrumb":{"@id":"https:\/\/electricsindustrialsbanyoles.com\/es\/aviso-legal\/#breadcrumb"},"inLanguage":"es","potentialAction":[{"@type":"ReadAction","target":["https:\/\/electricsindustrialsbanyoles.com\/es\/aviso-legal\/"]}]},{"@type":"BreadcrumbList","@id":"https:\/\/electricsindustrialsbanyoles.com\/es\/aviso-legal\/#breadcrumb","itemListElement":[{"@type":"ListItem","position":1,"name":"Portada","item":"https:\/\/electricsindustrialsbanyoles.com\/es\/inicio\/"},{"@type":"ListItem","position":2,"name":"Aviso Legal"}]},{"@type":"WebSite","@id":"https:\/\/electricsindustrialsbanyoles.com\/es\/#website","url":"https:\/\/electricsindustrialsbanyoles.com\/es\/","name":"Electrics Industrials Banyoles","description":"","publisher":{"@id":"https:\/\/electricsindustrialsbanyoles.com\/es\/#organization"},"potentialAction":[{"@type":"SearchAction","target":{"@type":"EntryPoint","urlTemplate":"https:\/\/electricsindustrialsbanyoles.com\/es\/?s={search_term_string}"},"query-input":{"@type":"PropertyValueSpecification","valueRequired":true,"valueName":"search_term_string"}}],"inLanguage":"es"},{"@type":"Organization","@id":"https:\/\/electricsindustrialsbanyoles.com\/es\/#organization","name":"Electrics Industrials Banyoles","url":"https:\/\/electricsindustrialsbanyoles.com\/es\/","logo":{"@type":"ImageObject","inLanguage":"es","@id":"https:\/\/electricsindustrialsbanyoles.com\/es\/#\/schema\/logo\/image\/","url":"https:\/\/electricsindustrialsbanyoles.com\/wp-content\/uploads\/2025\/10\/LOGO-EIB.png","contentUrl":"https:\/\/electricsindustrialsbanyoles.com\/wp-content\/uploads\/2025\/10\/LOGO-EIB.png","width":827,"height":231,"caption":"Electrics Industrials Banyoles"},"image":{"@id":"https:\/\/electricsindustrialsbanyoles.com\/es\/#\/schema\/logo\/image\/"}}]}},"_links":{"self":[{"href":"https:\/\/electricsindustrialsbanyoles.com\/es\/wp-json\/wp\/v2\/pages\/598","targetHints":{"allow":["GET"]}}],"collection":[{"href":"https:\/\/electricsindustrialsbanyoles.com\/es\/wp-json\/wp\/v2\/pages"}],"about":[{"href":"https:\/\/electricsindustrialsbanyoles.com\/es\/wp-json\/wp\/v2\/types\/page"}],"author":[{"embeddable":true,"href":"https:\/\/electricsindustrialsbanyoles.com\/es\/wp-json\/wp\/v2\/users\/2"}],"replies":[{"embeddable":true,"href":"https:\/\/electricsindustrialsbanyoles.com\/es\/wp-json\/wp\/v2\/comments?post=598"}],"version-history":[{"count":7,"href":"https:\/\/electricsindustrialsbanyoles.com\/es\/wp-json\/wp\/v2\/pages\/598\/revisions"}],"predecessor-version":[{"id":605,"href":"https:\/\/electricsindustrialsbanyoles.com\/es\/wp-json\/wp\/v2\/pages\/598\/revisions\/605"}],"wp:attachment":[{"href":"https:\/\/electricsindustrialsbanyoles.com\/es\/wp-json\/wp\/v2\/media?parent=598"}],"curies":[{"name":"wp","href":"https:\/\/api.w.org\/{rel}","templated":true}]}}