{"id":619,"date":"2025-10-20T11:10:04","date_gmt":"2025-10-20T09:10:04","guid":{"rendered":"https:\/\/electricsindustrialsbanyoles.com\/politica-de-cookies\/"},"modified":"2025-11-19T09:14:46","modified_gmt":"2025-11-19T08:14:46","slug":"politica-de-cookies","status":"publish","type":"page","link":"https:\/\/electricsindustrialsbanyoles.com\/es\/politica-de-cookies\/","title":{"rendered":"Pol\u00edtica de cookies"},"content":{"rendered":"\t\t<div data-elementor-type=\"wp-page\" data-elementor-id=\"619\" class=\"elementor elementor-619 elementor-343\" data-elementor-post-type=\"page\">\n\t\t\t\t<div class=\"elementor-element elementor-element-be6635c e-flex e-con-boxed e-con e-parent\" data-id=\"be6635c\" data-element_type=\"container\">\n\t\t\t\t\t<div class=\"e-con-inner\">\n\t\t\t\t<div class=\"elementor-element elementor-element-0f48d97 elementor-widget elementor-widget-heading\" data-id=\"0f48d97\" data-element_type=\"widget\" data-widget_type=\"heading.default\">\n\t\t\t\t\t<h1 class=\"elementor-heading-title elementor-size-default\">Pol\u00edtica de cookies<\/h1>\t\t\t\t<\/div>\n\t\t\t\t<div class=\"elementor-element elementor-element-70f6fd8 elementor-widget elementor-widget-heading\" data-id=\"70f6fd8\" data-element_type=\"widget\" data-widget_type=\"heading.default\">\n\t\t\t\t\t<h2 class=\"elementor-heading-title elementor-size-default\">INFORMACI\u00d3N SOBRE COOKIES<\/h2>\t\t\t\t<\/div>\n\t\t\t\t<div class=\"elementor-element elementor-element-99fcc5c elementor-widget elementor-widget-text-editor\" data-id=\"99fcc5c\" data-element_type=\"widget\" data-widget_type=\"text-editor.default\">\n\t\t\t\t\t\t\t\t\t<p>De acuerdo con la Ley 34\/2002, de 11 de julio, de servicios de la sociedad de la informaci\u00f3n y de comercio electr\u00f3nico (LSSI), en relaci\u00f3n con el Reglamento (UE) 2016\/679 del Parlamento Europeo y del Consejo, de 27 de abril de 2016, General de Protecci\u00f3n de Datos (GDPR), de la Ley Org\u00e1nica 8 y Garant\u00eda de los Derechos Digitales (LOPDGDD), es obligado obtener el consentimiento expreso del usuario de todas las p\u00e1ginas web que utilizan cookies prescindibles, antes de que \u00e9ste navegue por ellas.<\/p>\t\t\t\t\t\t\t\t<\/div>\n\t\t\t\t<div class=\"elementor-element elementor-element-e0e1781 elementor-widget elementor-widget-heading\" data-id=\"e0e1781\" data-element_type=\"widget\" data-widget_type=\"heading.default\">\n\t\t\t\t\t<h2 class=\"elementor-heading-title elementor-size-default\">\u00bfQU\u00c9 SON LAS COOKIES?<\/h2>\t\t\t\t<\/div>\n\t\t\t\t<div class=\"elementor-element elementor-element-7f375e0 elementor-widget elementor-widget-text-editor\" data-id=\"7f375e0\" data-element_type=\"widget\" data-widget_type=\"text-editor.default\">\n\t\t\t\t\t\t\t\t\t<p>Las cookies y otras tecnolog\u00edas similares como local shared objects, flash cookies o p\u00edxeles, son herramientas utilizadas por los servidores web para almacenar y recuperar informaci\u00f3n sobre sus visitantes, as\u00ed como para ofrecer un correcto funcionamiento del sitio.<\/p><p>Mediante el uso de estos dispositivos se permite en el servidor web recordar algunos datos referentes al usuario, como sus preferencias para la visualizaci\u00f3n de las p\u00e1ginas, nombre y contrase\u00f1a, productos que m\u00e1s le interesan, etc.<\/p>\t\t\t\t\t\t\t\t<\/div>\n\t\t\t\t<div class=\"elementor-element elementor-element-28d2936 elementor-widget elementor-widget-heading\" data-id=\"28d2936\" data-element_type=\"widget\" data-widget_type=\"heading.default\">\n\t\t\t\t\t<h2 class=\"elementor-heading-title elementor-size-default\">COOKIES AFECTADAS POR LA NORMATIVA Y COOKIES EXCEPTUADAS<\/h2>\t\t\t\t<\/div>\n\t\t\t\t<div class=\"elementor-element elementor-element-8f7a37b elementor-widget elementor-widget-text-editor\" data-id=\"8f7a37b\" data-element_type=\"widget\" data-widget_type=\"text-editor.default\">\n\t\t\t\t\t\t\t\t\t<p>Seg\u00fan la directiva de la UE, las cookies que requieren el consentimiento informado por parte del usuario son las cookies anal\u00edticas y las de publicidad y afiliaci\u00f3n, quedando exceptuadas las de car\u00e1cter t\u00e9cnico y las necesarias para el funcionamiento del sitio web o la prestaci\u00f3n de servicios expresamente solicitados por el usuario.<\/p>\t\t\t\t\t\t\t\t<\/div>\n\t\t\t\t<div class=\"elementor-element elementor-element-8df0d05 elementor-widget elementor-widget-heading\" data-id=\"8df0d05\" data-element_type=\"widget\" data-widget_type=\"heading.default\">\n\t\t\t\t\t<h2 class=\"elementor-heading-title elementor-size-default\">TIPO DE COOKIES<\/h2>\t\t\t\t<\/div>\n\t\t\t\t<div class=\"elementor-element elementor-element-1dd12a3 elementor-widget elementor-widget-text-editor\" data-id=\"1dd12a3\" data-element_type=\"widget\" data-widget_type=\"text-editor.default\">\n\t\t\t\t\t\t\t\t\t<p><strong>SEG\u00daN LA FINALIDAD<\/strong><\/p><ul><li><strong>Cookies t\u00e9cnicas y funcionales:<\/strong> permiten al usuario navegar y utilizar las diferentes opciones o servicios del sitio.<\/li><li><strong>Cookies de an\u00e1lisis: <\/strong>permiten monitorizar y analizar el comportamiento de los usuarios para introducir mejoras en funci\u00f3n del uso que hacen del servicio.<\/li><li><strong>Cookies publicitarias:<\/strong> permiten gestionar los espacios publicitarios de forma eficaz seg\u00fan criterios como el contenido o la frecuencia de los anuncios.<\/li><li><strong>Cookies de publicidad comportamental: <\/strong>recogen informaci\u00f3n sobre las preferencias del usuario para mostrar publicidad personalizada.<\/li><li><strong>Cookies sociales:<\/strong> instaladas por plataformas de redes sociales para compartir contenido y rastrear la actividad online.<\/li><li><strong>Cookies de afiliados: <\/strong>permiten realizar seguimiento de las visitas procedentes de otras webs con contratos de afiliaci\u00f3n.<\/li><li><strong>Cookies de seguridad: <\/strong>almacenan informaci\u00f3n cifrada para evitar vulnerabilidades.<\/li><\/ul><p><strong>SEG\u00daN LA PROPIEDAD<\/strong><\/p><ul><li>Cookies propias: enviadas desde un dominio gestionado por el editor del sitio.<\/li><li><strong>Cookies de terceros:<\/strong> enviadas desde un dominio gestionado por otra entidad.<\/li><\/ul><p><strong>SEG\u00daN EL PLAZO DE CONSERVACI\u00d3N<\/strong><\/p><ul><li><strong>Cookies de sesi\u00f3n: <\/strong>recogen datos mientras el usuario accede a la web.<\/li><li><strong>Cookies persistentes: <\/strong>almacenan datos durante un per\u00edodo determinado por el responsable, de minutos a a\u00f1os.<\/li><\/ul>\t\t\t\t\t\t\t\t<\/div>\n\t\t\t\t<div class=\"elementor-element elementor-element-58c1e39 elementor-widget elementor-widget-heading\" data-id=\"58c1e39\" data-element_type=\"widget\" data-widget_type=\"heading.default\">\n\t\t\t\t\t<h2 class=\"elementor-heading-title elementor-size-default\">TRATAMIENTO DE DATOS PERSONALES<\/h2>\t\t\t\t<\/div>\n\t\t\t\t<div class=\"elementor-element elementor-element-6a60465 elementor-widget elementor-widget-text-editor\" data-id=\"6a60465\" data-element_type=\"widget\" data-widget_type=\"text-editor.default\">\n\t\t\t\t\t\t\t\t\t<p><strong>ELECTRICS INDUSTRIALS BANYOLES, S.L.<\/strong> es el Responsable del tratamiento de los datos personales del Interesado y le informa que estos datos se tratar\u00e1n de conformidad con lo establecido en el Reglamento (UE) 2016\/679, de 27 de abril de 2016 (GDPR), por lo que se le facilita la siguiente informaci\u00f3n del tratamiento:<\/p><p><strong>Finalidades del tratamiento:<\/strong> seg\u00fan el apartado de cookies utilizadas en este sitio web.<\/p><p><strong>Legitimaci\u00f3n del tratamiento: <\/strong>consentimiento del interesado (art. 6.1.a GDPR), salvo las cookies necesarias para la navegaci\u00f3n.<\/p><p><strong>Criterios de conservaci\u00f3n: <\/strong>seg\u00fan el apartado de cookies utilizadas en la web.<\/p><p><strong>Comunicaci\u00f3n de los datos: <\/strong>no se comunicar\u00e1n datos a terceros, salvo en cookies de terceros o por obligaci\u00f3n legal.<\/p><p><strong>Derechos del interesado:<\/strong><\/p><ul><li>Derecho a retirar su consentimiento en cualquier momento.<\/li><li>Derecho de acceso, rectificaci\u00f3n, portabilidad y supresi\u00f3n de datos, y de limitaci\u00f3n u oposici\u00f3n a su tratamiento.<\/li><li>Derecho a presentar reclamaci\u00f3n ante la Autoridad de control (<a href=\"https:\/\/www.aepd.es\">www.aepd.es<\/a>).<\/li><\/ul><p><strong>Datos de contacto para ejercer los derechos:<\/strong><br>ELECTRICS INDUSTRIALS BANYOLES, S.L. Calle Seriny\u00e0, 1 &#8211; 17820 BANYOLES (Girona) E-mail: <\/p><p><a href=\"mailto:administracio@electricsindustrialsbanyoles.com\">administracio@electricsindustrialsbanyoles.com<\/a><\/p>\t\t\t\t\t\t\t\t<\/div>\n\t\t\t\t<div class=\"elementor-element elementor-element-f8d5e99 elementor-widget elementor-widget-heading\" data-id=\"f8d5e99\" data-element_type=\"widget\" data-widget_type=\"heading.default\">\n\t\t\t\t\t<h2 class=\"elementor-heading-title elementor-size-default\">COOKIES UTILIZADAS EN ESTE SITIO WEB<\/h2>\t\t\t\t<\/div>\n\t\t\t\t<div class=\"elementor-element elementor-element-ba49485 elementor-widget elementor-widget-text-editor\" data-id=\"ba49485\" data-element_type=\"widget\" data-widget_type=\"text-editor.default\">\n\t\t\t\t\t\t\t\t\t<p><strong>Cookies controladas por el editor<\/strong><\/p><p>No se instalan cookies controladas por el editor.<\/p><p><strong>Cookies de terceros<\/strong><\/p><p>Los servicios de terceros son ajenos al control del editor. Los proveedores pueden modificar sus condiciones de servicio, finalidad y uso de cookies. <\/p><p><strong>Proveedores externos de este sitio web: <\/strong>No se instalan cookies controladas por terceros.<\/p><p><strong>PANEL DE CONFIGURACI\u00d3N DE COOKIES<\/strong><\/p><p>Desde este panel puede configurar las cookies que el sitio web puede instalar en su navegador, excepto las t\u00e9cnicas o funcionales necesarias para la navegaci\u00f3n.<\/p><p><strong>Panel de cookies<\/strong><\/p><p><strong>C\u00d3MO GESTIONAR LAS COOKIES DESDE EL NAVEGADOR<\/strong><\/p><ul><li><strong>Eliminar las cookies del dispositivo:<\/strong> se pueden borrar desde el historial del navegador, aunque se puede perder informaci\u00f3n guardada.<\/li><li><strong>Gestionar cookies espec\u00edficas del sitio: <\/strong>se puede ajustar la configuraci\u00f3n de privacidad y cookies en el navegador.<\/li><li><strong>Bloquear las cookies: <\/strong>se puede evitar su instalaci\u00f3n, pero puede afectar al funcionamiento de algunos servicios o funcionalidades.<\/li><\/ul><p><strong>C\u00d3MO ELIMINAR LAS COOKIES DE LOS NAVEGADORES M\u00c1S COMUNES<\/strong><\/p><table border=\"1\" cellspacing=\"0\" cellpadding=\"4\"><tbody><tr><td><strong>Chrome<\/strong><\/td><td><a href=\"http:\/\/support.google.com\/chrome\/answer\/95647?hl=es\" target=\"_blank\" rel=\"nofollow noopener noreferrer\">Eliminar cookies en Chrome<\/a><\/td><\/tr><tr><td><strong>Edge<\/strong><\/td><td><a href=\"https:\/\/support.microsoft.com\/es-es\/microsoft-edge\/eliminar-las-cookies-en-microsoft-edge-63947406-40ac-c3b8-57b9-2a946a29ae09\" target=\"_blank\" rel=\"nofollow noopener noreferrer\">Eliminar cookies en Edge<\/a><\/td><\/tr><tr><td><strong>Explorer<\/strong><\/td><td><a href=\"https:\/\/support.microsoft.com\/es-es\/help\/278835\/how-to-delete-cookie-files-in-internet-explorer\" target=\"_blank\" rel=\"nofollow noopener noreferrer\">Eliminar cookies en Explorer<\/a><\/td><\/tr><tr><td><strong>Firefox<\/strong><\/td><td><a href=\"https:\/\/www.mozilla.org\/es-ES\/privacy\/websites\/#cookies\" target=\"_blank\" rel=\"nofollow noopener noreferrer\">Eliminar cookies en Firefox<\/a><\/td><\/tr><tr><td><strong>Safari<\/strong><\/td><td><a href=\"https:\/\/support.apple.com\/es-es\/guide\/safari\/sfri11471\/mac\" target=\"_blank\" rel=\"nofollow noopener noreferrer\">Eliminar cookies en Safari<\/a><\/td><\/tr><tr><td><strong>Opera<\/strong><\/td><td><a href=\"https:\/\/help.opera.com\/en\/latest\/security-and-privacy\/#clearBrowsingData\" target=\"_blank\" rel=\"nofollow noopener noreferrer\">Eliminar cookies en Opera<\/a><\/td><\/tr><\/tbody><\/table><p><strong>ELECTRICS INDUSTRIALS BANYOLES, S.L.<\/strong><br>Carrer Seriny\u00e0, 1 &#8211; 17820 BANYOLES (Girona) ESPA\u00d1A<br>Fecha de actualizaci\u00f3n: 10-11-2025<\/p>\t\t\t\t\t\t\t\t<\/div>\n\t\t\t\t\t<\/div>\n\t\t\t\t<\/div>\n\t\t\t\t<\/div>\n\t\t","protected":false},"excerpt":{"rendered":"<p>Pol\u00edtica de cookies INFORMACI\u00d3N SOBRE COOKIES De acuerdo con la Ley 34\/2002, de 11 de julio, de servicios de la sociedad de la informaci\u00f3n y de comercio electr\u00f3nico (LSSI), en relaci\u00f3n con el Reglamento (UE) 2016\/679 del Parlamento Europeo y del Consejo, de 27 de abril de 2016, General de Protecci\u00f3n de Datos (GDPR), de [&hellip;]<\/p>\n","protected":false},"author":2,"featured_media":0,"parent":0,"menu_order":0,"comment_status":"closed","ping_status":"closed","template":"elementor_header_footer","meta":{"footnotes":""},"class_list":["post-619","page","type-page","status-publish","hentry"],"yoast_head":"<!-- This site is optimized with the Yoast SEO plugin v26.8 - https:\/\/yoast.com\/product\/yoast-seo-wordpress\/ -->\n<title>Pol\u00edtica de cookies - Electrics Industrials Banyoles<\/title>\n<meta name=\"robots\" content=\"noindex, nofollow\" \/>\n<meta property=\"og:locale\" content=\"es_ES\" \/>\n<meta property=\"og:type\" content=\"article\" \/>\n<meta property=\"og:title\" content=\"Pol\u00edtica de cookies - Electrics Industrials Banyoles\" \/>\n<meta property=\"og:description\" content=\"Pol\u00edtica de cookies INFORMACI\u00d3N SOBRE COOKIES De acuerdo con la Ley 34\/2002, de 11 de julio, de servicios de la sociedad de la informaci\u00f3n y de comercio electr\u00f3nico (LSSI), en relaci\u00f3n con el Reglamento (UE) 2016\/679 del Parlamento Europeo y del Consejo, de 27 de abril de 2016, General de Protecci\u00f3n de Datos (GDPR), de [&hellip;]\" \/>\n<meta property=\"og:url\" content=\"https:\/\/electricsindustrialsbanyoles.com\/es\/politica-de-cookies\/\" \/>\n<meta property=\"og:site_name\" content=\"Electrics Industrials Banyoles\" \/>\n<meta property=\"article:modified_time\" content=\"2025-11-19T08:14:46+00:00\" \/>\n<meta name=\"twitter:card\" content=\"summary_large_image\" \/>\n<meta name=\"twitter:label1\" content=\"Tiempo de lectura\" \/>\n\t<meta name=\"twitter:data1\" content=\"4 minutos\" \/>\n<script type=\"application\/ld+json\" class=\"yoast-schema-graph\">{\"@context\":\"https:\/\/schema.org\",\"@graph\":[{\"@type\":\"WebPage\",\"@id\":\"https:\/\/electricsindustrialsbanyoles.com\/es\/politica-de-cookies\/\",\"url\":\"https:\/\/electricsindustrialsbanyoles.com\/es\/politica-de-cookies\/\",\"name\":\"Pol\u00edtica de cookies - Electrics Industrials Banyoles\",\"isPartOf\":{\"@id\":\"https:\/\/electricsindustrialsbanyoles.com\/es\/#website\"},\"datePublished\":\"2025-10-20T09:10:04+00:00\",\"dateModified\":\"2025-11-19T08:14:46+00:00\",\"breadcrumb\":{\"@id\":\"https:\/\/electricsindustrialsbanyoles.com\/es\/politica-de-cookies\/#breadcrumb\"},\"inLanguage\":\"es\",\"potentialAction\":[{\"@type\":\"ReadAction\",\"target\":[\"https:\/\/electricsindustrialsbanyoles.com\/es\/politica-de-cookies\/\"]}]},{\"@type\":\"BreadcrumbList\",\"@id\":\"https:\/\/electricsindustrialsbanyoles.com\/es\/politica-de-cookies\/#breadcrumb\",\"itemListElement\":[{\"@type\":\"ListItem\",\"position\":1,\"name\":\"Portada\",\"item\":\"https:\/\/electricsindustrialsbanyoles.com\/es\/inicio\/\"},{\"@type\":\"ListItem\",\"position\":2,\"name\":\"Pol\u00edtica de cookies\"}]},{\"@type\":\"WebSite\",\"@id\":\"https:\/\/electricsindustrialsbanyoles.com\/es\/#website\",\"url\":\"https:\/\/electricsindustrialsbanyoles.com\/es\/\",\"name\":\"Electrics Industrials Banyoles\",\"description\":\"\",\"publisher\":{\"@id\":\"https:\/\/electricsindustrialsbanyoles.com\/es\/#organization\"},\"potentialAction\":[{\"@type\":\"SearchAction\",\"target\":{\"@type\":\"EntryPoint\",\"urlTemplate\":\"https:\/\/electricsindustrialsbanyoles.com\/es\/?s={search_term_string}\"},\"query-input\":{\"@type\":\"PropertyValueSpecification\",\"valueRequired\":true,\"valueName\":\"search_term_string\"}}],\"inLanguage\":\"es\"},{\"@type\":\"Organization\",\"@id\":\"https:\/\/electricsindustrialsbanyoles.com\/es\/#organization\",\"name\":\"Electrics Industrials Banyoles\",\"url\":\"https:\/\/electricsindustrialsbanyoles.com\/es\/\",\"logo\":{\"@type\":\"ImageObject\",\"inLanguage\":\"es\",\"@id\":\"https:\/\/electricsindustrialsbanyoles.com\/es\/#\/schema\/logo\/image\/\",\"url\":\"https:\/\/electricsindustrialsbanyoles.com\/wp-content\/uploads\/2025\/10\/LOGO-EIB.png\",\"contentUrl\":\"https:\/\/electricsindustrialsbanyoles.com\/wp-content\/uploads\/2025\/10\/LOGO-EIB.png\",\"width\":827,\"height\":231,\"caption\":\"Electrics Industrials Banyoles\"},\"image\":{\"@id\":\"https:\/\/electricsindustrialsbanyoles.com\/es\/#\/schema\/logo\/image\/\"}}]}<\/script>\n<!-- \/ Yoast SEO plugin. -->","yoast_head_json":{"title":"Pol\u00edtica de cookies - Electrics Industrials Banyoles","robots":{"index":"noindex","follow":"nofollow"},"og_locale":"es_ES","og_type":"article","og_title":"Pol\u00edtica de cookies - Electrics Industrials Banyoles","og_description":"Pol\u00edtica de cookies INFORMACI\u00d3N SOBRE COOKIES De acuerdo con la Ley 34\/2002, de 11 de julio, de servicios de la sociedad de la informaci\u00f3n y de comercio electr\u00f3nico (LSSI), en relaci\u00f3n con el Reglamento (UE) 2016\/679 del Parlamento Europeo y del Consejo, de 27 de abril de 2016, General de Protecci\u00f3n de Datos (GDPR), de [&hellip;]","og_url":"https:\/\/electricsindustrialsbanyoles.com\/es\/politica-de-cookies\/","og_site_name":"Electrics Industrials Banyoles","article_modified_time":"2025-11-19T08:14:46+00:00","twitter_card":"summary_large_image","twitter_misc":{"Tiempo de lectura":"4 minutos"},"schema":{"@context":"https:\/\/schema.org","@graph":[{"@type":"WebPage","@id":"https:\/\/electricsindustrialsbanyoles.com\/es\/politica-de-cookies\/","url":"https:\/\/electricsindustrialsbanyoles.com\/es\/politica-de-cookies\/","name":"Pol\u00edtica de cookies - Electrics Industrials Banyoles","isPartOf":{"@id":"https:\/\/electricsindustrialsbanyoles.com\/es\/#website"},"datePublished":"2025-10-20T09:10:04+00:00","dateModified":"2025-11-19T08:14:46+00:00","breadcrumb":{"@id":"https:\/\/electricsindustrialsbanyoles.com\/es\/politica-de-cookies\/#breadcrumb"},"inLanguage":"es","potentialAction":[{"@type":"ReadAction","target":["https:\/\/electricsindustrialsbanyoles.com\/es\/politica-de-cookies\/"]}]},{"@type":"BreadcrumbList","@id":"https:\/\/electricsindustrialsbanyoles.com\/es\/politica-de-cookies\/#breadcrumb","itemListElement":[{"@type":"ListItem","position":1,"name":"Portada","item":"https:\/\/electricsindustrialsbanyoles.com\/es\/inicio\/"},{"@type":"ListItem","position":2,"name":"Pol\u00edtica de cookies"}]},{"@type":"WebSite","@id":"https:\/\/electricsindustrialsbanyoles.com\/es\/#website","url":"https:\/\/electricsindustrialsbanyoles.com\/es\/","name":"Electrics Industrials Banyoles","description":"","publisher":{"@id":"https:\/\/electricsindustrialsbanyoles.com\/es\/#organization"},"potentialAction":[{"@type":"SearchAction","target":{"@type":"EntryPoint","urlTemplate":"https:\/\/electricsindustrialsbanyoles.com\/es\/?s={search_term_string}"},"query-input":{"@type":"PropertyValueSpecification","valueRequired":true,"valueName":"search_term_string"}}],"inLanguage":"es"},{"@type":"Organization","@id":"https:\/\/electricsindustrialsbanyoles.com\/es\/#organization","name":"Electrics Industrials Banyoles","url":"https:\/\/electricsindustrialsbanyoles.com\/es\/","logo":{"@type":"ImageObject","inLanguage":"es","@id":"https:\/\/electricsindustrialsbanyoles.com\/es\/#\/schema\/logo\/image\/","url":"https:\/\/electricsindustrialsbanyoles.com\/wp-content\/uploads\/2025\/10\/LOGO-EIB.png","contentUrl":"https:\/\/electricsindustrialsbanyoles.com\/wp-content\/uploads\/2025\/10\/LOGO-EIB.png","width":827,"height":231,"caption":"Electrics Industrials Banyoles"},"image":{"@id":"https:\/\/electricsindustrialsbanyoles.com\/es\/#\/schema\/logo\/image\/"}}]}},"_links":{"self":[{"href":"https:\/\/electricsindustrialsbanyoles.com\/es\/wp-json\/wp\/v2\/pages\/619","targetHints":{"allow":["GET"]}}],"collection":[{"href":"https:\/\/electricsindustrialsbanyoles.com\/es\/wp-json\/wp\/v2\/pages"}],"about":[{"href":"https:\/\/electricsindustrialsbanyoles.com\/es\/wp-json\/wp\/v2\/types\/page"}],"author":[{"embeddable":true,"href":"https:\/\/electricsindustrialsbanyoles.com\/es\/wp-json\/wp\/v2\/users\/2"}],"replies":[{"embeddable":true,"href":"https:\/\/electricsindustrialsbanyoles.com\/es\/wp-json\/wp\/v2\/comments?post=619"}],"version-history":[{"count":3,"href":"https:\/\/electricsindustrialsbanyoles.com\/es\/wp-json\/wp\/v2\/pages\/619\/revisions"}],"predecessor-version":[{"id":623,"href":"https:\/\/electricsindustrialsbanyoles.com\/es\/wp-json\/wp\/v2\/pages\/619\/revisions\/623"}],"wp:attachment":[{"href":"https:\/\/electricsindustrialsbanyoles.com\/es\/wp-json\/wp\/v2\/media?parent=619"}],"curies":[{"name":"wp","href":"https:\/\/api.w.org\/{rel}","templated":true}]}}